{"id":80,"date":"2020-09-19T17:00:09","date_gmt":"2020-09-19T15:00:09","guid":{"rendered":"http:\/\/socialdreamsprezentacja.pl\/?page_id=80"},"modified":"2025-04-10T12:48:11","modified_gmt":"2025-04-10T10:48:11","slug":"czasopisma","status":"publish","type":"page","link":"http:\/\/wydawnictwo-isp.pl\/en\/czasopisma\/","title":{"rendered":"Periodicals"},"content":{"rendered":"<div data-elementor-type=\"wp-page\" data-elementor-id=\"80\" class=\"elementor elementor-80\" data-elementor-settings=\"[]\">\n\t\t\t\t\t\t<div class=\"elementor-inner\">\n\t\t\t\t\t\t\t<div class=\"elementor-section-wrap\">\n\t\t\t\t\t\t\t<section class=\"elementor-section elementor-top-section elementor-element elementor-element-599a9bb elementor-section-full_width elementor-section-height-default elementor-section-height-default\" data-id=\"599a9bb\" data-element_type=\"section\">\n\t\t\t\t\t\t<div class=\"elementor-container elementor-column-gap-no\">\n\t\t\t\t\t\t\t<div class=\"elementor-row\">\n\t\t\t\t\t<div class=\"elementor-column elementor-col-100 elementor-top-column elementor-element elementor-element-e58c7be\" data-id=\"e58c7be\" data-element_type=\"column\">\n\t\t\t<div class=\"elementor-column-wrap elementor-element-populated\">\n\t\t\t\t\t\t\t<div class=\"elementor-widget-wrap\">\n\t\t\t\t\t\t<div class=\"elementor-element elementor-element-25e4e53 elementor-view-default elementor-position-top elementor-vertical-align-top elementor-widget elementor-widget-icon-box\" data-id=\"25e4e53\" data-element_type=\"widget\" data-widget_type=\"icon-box.default\">\n\t\t\t\t<div class=\"elementor-widget-container\">\n\t\t\t\t\t<div class=\"elementor-icon-box-wrapper\">\n\t\t\t\t\t\t<div class=\"elementor-icon-box-icon\">\n\t\t\t\t<span class=\"elementor-icon elementor-animation-\" >\n\t\t\t\t<i aria-hidden=\"true\" class=\"fas fa-book-open\"><\/i>\t\t\t\t<\/span>\n\t\t\t<\/div>\n\t\t\t\t\t\t<div class=\"elementor-icon-box-content\">\n\t\t\t\t<h3 class=\"elementor-icon-box-title\">\n\t\t\t\t\t<span >The Instytut Studi\u00f3w Podatkowych Publishing House<\/span>\n\t\t\t\t<\/h3>\n\t\t\t\t\t\t\t\t<p class=\"elementor-icon-box-description\">- since 1996<\/p>\n\t\t\t\t\t\t\t<\/div>\n\t\t<\/div>\n\t\t\t\t<\/div>\n\t\t\t\t<\/div>\n\t\t\t\t\t\t<\/div>\n\t\t\t\t\t<\/div>\n\t\t<\/div>\n\t\t\t\t\t\t\t\t<\/div>\n\t\t\t\t\t<\/div>\n\t\t<\/section>\n\t\t\t\t<section class=\"elementor-section elementor-top-section elementor-element elementor-element-25c4137 elementor-section-boxed elementor-section-height-default elementor-section-height-default\" data-id=\"25c4137\" data-element_type=\"section\" data-settings=\"{&quot;background_background&quot;:&quot;classic&quot;}\">\n\t\t\t\t\t\t\t<div class=\"elementor-background-overlay\"><\/div>\n\t\t\t\t\t\t\t<div class=\"elementor-container elementor-column-gap-default\">\n\t\t\t\t\t\t\t<div class=\"elementor-row\">\n\t\t\t\t\t<div class=\"elementor-column elementor-col-100 elementor-top-column elementor-element elementor-element-53e4f63\" data-id=\"53e4f63\" data-element_type=\"column\">\n\t\t\t<div class=\"elementor-column-wrap elementor-element-populated\">\n\t\t\t\t\t\t\t<div class=\"elementor-widget-wrap\">\n\t\t\t\t\t\t<div class=\"elementor-element elementor-element-ab25f9b elementor-widget elementor-widget-heading\" data-id=\"ab25f9b\" data-element_type=\"widget\" data-widget_type=\"heading.default\">\n\t\t\t\t<div class=\"elementor-widget-container\">\n\t\t\t<h3 class=\"elementor-heading-title elementor-size-default\">Periodicals<\/h3>\t\t<\/div>\n\t\t\t\t<\/div>\n\t\t\t\t\t\t<\/div>\n\t\t\t\t\t<\/div>\n\t\t<\/div>\n\t\t\t\t\t\t\t\t<\/div>\n\t\t\t\t\t<\/div>\n\t\t<\/section>\n\t\t\t\t<section class=\"elementor-section elementor-top-section elementor-element elementor-element-72237f2 elementor-section-boxed elementor-section-height-default elementor-section-height-default\" data-id=\"72237f2\" data-element_type=\"section\">\n\t\t\t\t\t\t<div class=\"elementor-container elementor-column-gap-default\">\n\t\t\t\t\t\t\t<div class=\"elementor-row\">\n\t\t\t\t\t<div class=\"elementor-column elementor-col-100 elementor-top-column elementor-element elementor-element-ffc6772\" data-id=\"ffc6772\" data-element_type=\"column\">\n\t\t\t<div class=\"elementor-column-wrap elementor-element-populated\">\n\t\t\t\t\t\t\t<div class=\"elementor-widget-wrap\">\n\t\t\t\t\t\t<div class=\"elementor-element elementor-element-4a21fe5 elementor-widget-divider--view-line_icon elementor-view-default elementor-widget-divider--element-align-center elementor-widget elementor-widget-divider\" data-id=\"4a21fe5\" data-element_type=\"widget\" data-widget_type=\"divider.default\">\n\t\t\t\t<div class=\"elementor-widget-container\">\n\t\t\t\t\t<div class=\"elementor-divider\">\n\t\t\t<span class=\"elementor-divider-separator\">\n\t\t\t\t\t\t\t<div class=\"elementor-icon elementor-divider__element\">\n\t\t\t\t\t<i aria-hidden=\"true\" class=\"fas fa-balance-scale\"><\/i><\/div>\n\t\t\t\t\t\t<\/span>\n\t\t<\/div>\n\t\t\t\t<\/div>\n\t\t\t\t<\/div>\n\t\t\t\t<div class=\"elementor-element elementor-element-f2baa0d elementor-widget elementor-widget-heading\" data-id=\"f2baa0d\" data-element_type=\"widget\" data-widget_type=\"heading.default\">\n\t\t\t\t<div class=\"elementor-widget-container\">\n\t\t\t<h3 class=\"elementor-heading-title elementor-size-default\">The monthly -  Biuletyn Instytutu Studi\u00f3w Podatkowych<\/h3>\t\t<\/div>\n\t\t\t\t<\/div>\n\t\t\t\t<div class=\"elementor-element elementor-element-22653072 elementor-widget elementor-widget-text-editor\" data-id=\"22653072\" data-element_type=\"widget\" data-widget_type=\"text-editor.default\">\n\t\t\t\t<div class=\"elementor-widget-container\">\n\t\t\t\t\t<div class=\"elementor-text-editor elementor-clearfix\"><img loading=\"lazy\" decoding=\"async\" class=\"size-full wp-image-206 alignleft\" style=\"box-shadow: -5px 5px 5px rgba(0, 0, 0, 0.5);\" src=\"http:\/\/wydawnictwo-isp.pl\/wp-content\/uploads\/2020\/09\/bx-cf.png\" width=\"220\" height=\"293\" \/>\n\n<span style=\"font-weight: 400;\">The monthly Doradztwo Podatkowe \u2013 Biuletyn Instytutu Studi\u00f3w Podatkowych (ISSN 1427-2008; electronic version: ISSN 2449-7584) has been published, in unaltered form, since 1996. The periodical is listed in the international database <\/span><i><span style=\"font-weight: 400;\">European Reference Index for the Humanities and Social Sciences<\/span><\/i><span style=\"font-weight: 400;\"> (ERIH+). Doradztwo Podatkowe is a specialist research magazine addressing major and problematic tax issues. We deal with topics which are part of your professional activities, in one way or another, but tend to be neglected by the other mass media. Our bulletin is a recognised journal, highly estimated by tax experts. The arguments presented in articles published in this journal are frequently referred to in decisions of administrative courts and quoted in the LEX Legal Information System. Our articles, studies and information has been used by some 500,000 readers (an impressive figure, given that Doradztwo Podatkowe is not a popularising magazine). The Publisher is the Instytut Studi\u00f3w Podatkowych, a leading tax studies institute based in Warsaw. The standard of the content published in the bulletin has been overseen, since the beginning, by its Editor-in-Chief Witold Modzelewski, Professor at the University of Warsaw, tax advisor, legal counsel, Honorary Chairman of the National Chamber of Tax Advisors, Chairman of the Instytut Studi\u00f3w Podatkowych, Head of the Postgraduate Studies Programme in Taxes and Tax Law, Department of Law<\/span> <span style=\"font-weight: 400;\">and Administration, University of Warsaw. Mr. Modzelewski was Deputy Minister of Finance in 1992\u20136, and provides expertise to both houses of the Polish Parliament (the Sejm and the Senate). The journal\u2019s contributors include practitioners\u2013\u2013lawyers, economists, tax advisors\/consultants, and research associates\/research workers from scientific institutions all over Poland. The journal shares with its readers the most updated knowledge in tax law and taxes in a modern, condensed and approachable manner. Please feel free to submit your studies to our Editorial Board for publication.<\/span>\n\n<a href=\"https:\/\/isp-bisp.pl\/resources\/html\/cms\/MAINPAGE\" target=\"_blank\" rel=\"noopener\">Periodic website<\/a><\/div>\n\t\t\t\t<\/div>\n\t\t\t\t<\/div>\n\t\t\t\t\t\t<\/div>\n\t\t\t\t\t<\/div>\n\t\t<\/div>\n\t\t\t\t\t\t\t\t<\/div>\n\t\t\t\t\t<\/div>\n\t\t<\/section>\n\t\t\t\t<section class=\"elementor-section elementor-top-section elementor-element elementor-element-08c92d3 elementor-section-boxed elementor-section-height-default elementor-section-height-default\" data-id=\"08c92d3\" data-element_type=\"section\">\n\t\t\t\t\t\t<div class=\"elementor-container elementor-column-gap-default\">\n\t\t\t\t\t\t\t<div class=\"elementor-row\">\n\t\t\t\t\t<div class=\"elementor-column elementor-col-100 elementor-top-column elementor-element elementor-element-3e9e3e6\" data-id=\"3e9e3e6\" data-element_type=\"column\">\n\t\t\t<div class=\"elementor-column-wrap elementor-element-populated\">\n\t\t\t\t\t\t\t<div class=\"elementor-widget-wrap\">\n\t\t\t\t\t\t<div class=\"elementor-element elementor-element-d7574c0 elementor-widget-divider--view-line_icon elementor-view-default elementor-widget-divider--element-align-center elementor-widget elementor-widget-divider\" data-id=\"d7574c0\" data-element_type=\"widget\" data-widget_type=\"divider.default\">\n\t\t\t\t<div class=\"elementor-widget-container\">\n\t\t\t\t\t<div class=\"elementor-divider\">\n\t\t\t<span class=\"elementor-divider-separator\">\n\t\t\t\t\t\t\t<div class=\"elementor-icon elementor-divider__element\">\n\t\t\t\t\t<i aria-hidden=\"true\" class=\"fas fa-balance-scale\"><\/i><\/div>\n\t\t\t\t\t\t<\/span>\n\t\t<\/div>\n\t\t\t\t<\/div>\n\t\t\t\t<\/div>\n\t\t\t\t<div class=\"elementor-element elementor-element-90d7356 elementor-widget elementor-widget-heading\" data-id=\"90d7356\" data-element_type=\"widget\" data-widget_type=\"heading.default\">\n\t\t\t\t<div class=\"elementor-widget-container\">\n\t\t\t<h3 class=\"elementor-heading-title elementor-size-default\">Electronic publications<\/h3>\t\t<\/div>\n\t\t\t\t<\/div>\n\t\t\t\t\t\t<\/div>\n\t\t\t\t\t<\/div>\n\t\t<\/div>\n\t\t\t\t\t\t\t\t<\/div>\n\t\t\t\t\t<\/div>\n\t\t<\/section>\n\t\t\t\t<section class=\"elementor-section elementor-top-section elementor-element elementor-element-1f43fd7 elementor-section-boxed elementor-section-height-default elementor-section-height-default\" data-id=\"1f43fd7\" data-element_type=\"section\">\n\t\t\t\t\t\t<div class=\"elementor-container elementor-column-gap-default\">\n\t\t\t\t\t\t\t<div class=\"elementor-row\">\n\t\t\t\t\t<div class=\"elementor-column elementor-col-50 elementor-top-column elementor-element elementor-element-03b2863\" data-id=\"03b2863\" data-element_type=\"column\">\n\t\t\t<div class=\"elementor-column-wrap elementor-element-populated\">\n\t\t\t\t\t\t\t<div class=\"elementor-widget-wrap\">\n\t\t\t\t\t\t<div class=\"elementor-element elementor-element-62e4470 elementor-widget elementor-widget-text-editor\" data-id=\"62e4470\" data-element_type=\"widget\" data-widget_type=\"text-editor.default\">\n\t\t\t\t<div class=\"elementor-widget-container\">\n\t\t\t\t\t<div class=\"elementor-text-editor elementor-clearfix\"><p style=\"text-align: center;\"><a href=\"https:\/\/isp-modzelewski.pl\/wydawnictwa\/serwis-doradztwa-podatkowego\/\">Tax Advisory Bulletin<\/a><\/p><\/div>\n\t\t\t\t<\/div>\n\t\t\t\t<\/div>\n\t\t\t\t<div class=\"elementor-element elementor-element-54922f4 elementor-widget elementor-widget-text-editor\" data-id=\"54922f4\" data-element_type=\"widget\" data-widget_type=\"text-editor.default\">\n\t\t\t\t<div class=\"elementor-widget-container\">\n\t\t\t\t\t<div class=\"elementor-text-editor elementor-clearfix\"><p>An electronic supplement to ISP\u2019s monthly Doradztwo Podatkowe, with a new issue available every Monday. Provides explanations of essential tax problems in a brief and condensed form.<\/p><\/div>\n\t\t\t\t<\/div>\n\t\t\t\t<\/div>\n\t\t\t\t\t\t<\/div>\n\t\t\t\t\t<\/div>\n\t\t<\/div>\n\t\t\t\t<div class=\"elementor-column elementor-col-50 elementor-top-column elementor-element elementor-element-bf14d5f\" data-id=\"bf14d5f\" data-element_type=\"column\">\n\t\t\t<div class=\"elementor-column-wrap elementor-element-populated\">\n\t\t\t\t\t\t\t<div class=\"elementor-widget-wrap\">\n\t\t\t\t\t\t<div class=\"elementor-element elementor-element-7e07f88 elementor-widget elementor-widget-text-editor\" data-id=\"7e07f88\" data-element_type=\"widget\" data-widget_type=\"text-editor.default\">\n\t\t\t\t<div class=\"elementor-widget-container\">\n\t\t\t\t\t<div class=\"elementor-text-editor elementor-clearfix\"><p style=\"text-align: center;\"><a href=\"https:\/\/isp-modzelewski.pl\/wydawnictwa\/akcyza-i-podatek-akcyzowy\/\">Excise and Excise Tax<\/a><\/p><\/div>\n\t\t\t\t<\/div>\n\t\t\t\t<\/div>\n\t\t\t\t<div class=\"elementor-element elementor-element-f573afa elementor-widget elementor-widget-text-editor\" data-id=\"f573afa\" data-element_type=\"widget\" data-widget_type=\"text-editor.default\">\n\t\t\t\t<div class=\"elementor-widget-container\">\n\t\t\t\t\t<div class=\"elementor-text-editor elementor-clearfix\"><p>Edited by Prof. Witold Modzelewski, the bulletin offers information, interpretations, commentaries, pieces of jurisprudence and journalism related to excise and excise tax in Poland and the EU.<\/p><\/div>\n\t\t\t\t<\/div>\n\t\t\t\t<\/div>\n\t\t\t\t\t\t<\/div>\n\t\t\t\t\t<\/div>\n\t\t<\/div>\n\t\t\t\t\t\t\t\t<\/div>\n\t\t\t\t\t<\/div>\n\t\t<\/section>\n\t\t\t\t\t\t<\/div>\n\t\t\t\t\t\t<\/div>\n\t\t\t\t\t<\/div>","protected":false},"excerpt":{"rendered":"<p>Wydawnictwo Instytutu Studi\u00f3w Podatkowych &#8211; istnieje od 1996 r. Czasopisma Doradztwo Podatkowe &#8211; Biuletyn Instytutu Studi\u00f3w Podatkowych Miesi\u0119cznik pod tytu\u0142em: Doradztwo Podatkowe Biuletyn Instytutu Studi\u00f3w o numerze ISSN 1427-2008 ukazuje si\u0119 w niezmienionej formie od 1996 roku. Elektroniczna wersja miesi\u0119cznika posiada numer ISSN 2449-7584. Czasopismo jest uj\u0119te w mi\u0119dzynarodowej bazie European Reference Index for the [&hellip;]<\/p>","protected":false},"author":1,"featured_media":0,"parent":0,"menu_order":0,"comment_status":"closed","ping_status":"closed","template":"elementor_header_footer","meta":{"footnotes":""},"class_list":["post-80","page","type-page","status-publish","hentry"],"_links":{"self":[{"href":"http:\/\/wydawnictwo-isp.pl\/en\/wp-json\/wp\/v2\/pages\/80","targetHints":{"allow":["GET"]}}],"collection":[{"href":"http:\/\/wydawnictwo-isp.pl\/en\/wp-json\/wp\/v2\/pages"}],"about":[{"href":"http:\/\/wydawnictwo-isp.pl\/en\/wp-json\/wp\/v2\/types\/page"}],"author":[{"embeddable":true,"href":"http:\/\/wydawnictwo-isp.pl\/en\/wp-json\/wp\/v2\/users\/1"}],"replies":[{"embeddable":true,"href":"http:\/\/wydawnictwo-isp.pl\/en\/wp-json\/wp\/v2\/comments?post=80"}],"version-history":[{"count":80,"href":"http:\/\/wydawnictwo-isp.pl\/en\/wp-json\/wp\/v2\/pages\/80\/revisions"}],"predecessor-version":[{"id":973,"href":"http:\/\/wydawnictwo-isp.pl\/en\/wp-json\/wp\/v2\/pages\/80\/revisions\/973"}],"wp:attachment":[{"href":"http:\/\/wydawnictwo-isp.pl\/en\/wp-json\/wp\/v2\/media?parent=80"}],"curies":[{"name":"wp","href":"https:\/\/api.w.org\/{rel}","templated":true}]}}