{"id":78,"date":"2020-09-19T16:59:12","date_gmt":"2020-09-19T14:59:12","guid":{"rendered":"http:\/\/socialdreamsprezentacja.pl\/?page_id=78"},"modified":"2025-06-18T09:37:46","modified_gmt":"2025-06-18T07:37:46","slug":"o-wydawnictwie","status":"publish","type":"page","link":"https:\/\/wydawnictwo-isp.pl\/en\/","title":{"rendered":"O wydawnictwie"},"content":{"rendered":"<div data-elementor-type=\"wp-page\" data-elementor-id=\"78\" class=\"elementor elementor-78\" data-elementor-settings=\"[]\">\n\t\t\t\t\t\t<div class=\"elementor-inner\">\n\t\t\t\t\t\t\t<div class=\"elementor-section-wrap\">\n\t\t\t\t\t\t\t<section class=\"elementor-section elementor-top-section elementor-element elementor-element-f8c2441 elementor-section-full_width elementor-section-height-default elementor-section-height-default\" data-id=\"f8c2441\" data-element_type=\"section\">\n\t\t\t\t\t\t<div class=\"elementor-container elementor-column-gap-no\">\n\t\t\t\t\t\t\t<div class=\"elementor-row\">\n\t\t\t\t\t<div class=\"elementor-column elementor-col-100 elementor-top-column elementor-element elementor-element-e72f48d\" data-id=\"e72f48d\" data-element_type=\"column\">\n\t\t\t<div class=\"elementor-column-wrap elementor-element-populated\">\n\t\t\t\t\t\t\t<div class=\"elementor-widget-wrap\">\n\t\t\t\t\t\t<div class=\"elementor-element elementor-element-4c1ac2c elementor-view-default elementor-position-top elementor-vertical-align-top elementor-widget elementor-widget-icon-box\" data-id=\"4c1ac2c\" data-element_type=\"widget\" data-widget_type=\"icon-box.default\">\n\t\t\t\t<div class=\"elementor-widget-container\">\n\t\t\t\t\t<div class=\"elementor-icon-box-wrapper\">\n\t\t\t\t\t\t<div class=\"elementor-icon-box-icon\">\n\t\t\t\t<span class=\"elementor-icon elementor-animation-\" >\n\t\t\t\t<i aria-hidden=\"true\" class=\"fas fa-book-open\"><\/i>\t\t\t\t<\/span>\n\t\t\t<\/div>\n\t\t\t\t\t\t<div class=\"elementor-icon-box-content\">\n\t\t\t\t<h3 class=\"elementor-icon-box-title\">\n\t\t\t\t\t<span >The Instytut Studi\u00f3w Podatkowych Publishing House<\/span>\n\t\t\t\t<\/h3>\n\t\t\t\t\t\t\t\t<p class=\"elementor-icon-box-description\">- since 1996<\/p>\n\t\t\t\t\t\t\t<\/div>\n\t\t<\/div>\n\t\t\t\t<\/div>\n\t\t\t\t<\/div>\n\t\t\t\t<div class=\"elementor-element elementor-element-732c3b5 elementor--h-position-center elementor--v-position-middle elementor-arrows-position-inside elementor-pagination-position-inside elementor-widget elementor-widget-slides\" data-id=\"732c3b5\" data-element_type=\"widget\" data-settings=\"{&quot;navigation&quot;:&quot;both&quot;,&quot;autoplay&quot;:&quot;yes&quot;,&quot;pause_on_hover&quot;:&quot;yes&quot;,&quot;pause_on_interaction&quot;:&quot;yes&quot;,&quot;autoplay_speed&quot;:5000,&quot;infinite&quot;:&quot;yes&quot;,&quot;transition&quot;:&quot;slide&quot;,&quot;transition_speed&quot;:500}\" data-widget_type=\"slides.default\">\n\t\t\t\t<div class=\"elementor-widget-container\">\n\t\t\t\t\t<div class=\"elementor-swiper\">\n\t\t\t<div class=\"elementor-slides-wrapper elementor-main-swiper swiper-container\" dir=\"ltr\" data-animation=\"fadeInUp\">\n\t\t\t\t<div class=\"swiper-wrapper elementor-slides\">\n\t\t\t\t\t<div class=\"elementor-repeater-item-bd19739 swiper-slide\"><div class=\"swiper-slide-bg\"><\/div><div class=\"swiper-slide-inner\" ><div class=\"swiper-slide-contents\"><div class=\"elementor-slide-heading\">We invite all authors to publish the work in the field of tax law<\/div><a href=\"https:\/\/wydawnictwo-isp.pl\/en\/dla-autorow\/\" class=\"elementor-button elementor-slide-button elementor-size-sm\">For the Authors<\/a><\/div><\/div><\/div><div class=\"elementor-repeater-item-08e0812 swiper-slide\"><div class=\"swiper-slide-bg\"><\/div><a class=\"swiper-slide-inner\" href=\"http:\/\/wydawnictwo-isp.pl\/en\/ksiazki\/\"><div class=\"swiper-slide-contents\"><div class=\"elementor-slide-heading\">We recommend the latest publications from the series: \"Tax Law\"<\/div><div  class=\"elementor-button elementor-slide-button elementor-size-sm\">Books<\/div><\/div><\/a><\/div><div class=\"elementor-repeater-item-c888e41 swiper-slide\"><div class=\"swiper-slide-bg\"><\/div><a class=\"swiper-slide-inner\" href=\"https:\/\/isp-modzelewski.pl\/wydawnictwa\/serwis-doradztwa-podatkowego\/\"><div class=\"swiper-slide-contents\"><div class=\"elementor-slide-heading\">Check the newest electronic publications in the field of tax law<\/div><div  class=\"elementor-button elementor-slide-button elementor-size-sm\">Tax Advisory Bulletin<\/div><\/div><\/a><\/div>\t\t\t\t<\/div>\n\t\t\t\t\t\t\t\t\t\t\t\t\t\t\t<div class=\"swiper-pagination\"><\/div>\n\t\t\t\t\t\t\t\t\t\t\t\t\t\t\t\t<div class=\"elementor-swiper-button elementor-swiper-button-prev\">\n\t\t\t\t\t\t\t<i class=\"eicon-chevron-left\" aria-hidden=\"true\"><\/i>\n\t\t\t\t\t\t\t<span class=\"elementor-screen-only\">Previous<\/span>\n\t\t\t\t\t\t<\/div>\n\t\t\t\t\t\t<div class=\"elementor-swiper-button elementor-swiper-button-next\">\n\t\t\t\t\t\t\t<i class=\"eicon-chevron-right\" aria-hidden=\"true\"><\/i>\n\t\t\t\t\t\t\t<span class=\"elementor-screen-only\">Next<\/span>\n\t\t\t\t\t\t<\/div>\n\t\t\t\t\t\t\t\t\t\t\t\t<\/div>\n\t\t<\/div>\n\t\t\t\t<\/div>\n\t\t\t\t<\/div>\n\t\t\t\t\t\t<\/div>\n\t\t\t\t\t<\/div>\n\t\t<\/div>\n\t\t\t\t\t\t\t\t<\/div>\n\t\t\t\t\t<\/div>\n\t\t<\/section>\n\t\t\t\t<section class=\"elementor-section elementor-top-section elementor-element elementor-element-928a8fd elementor-section-boxed elementor-section-height-default elementor-section-height-default\" data-id=\"928a8fd\" data-element_type=\"section\" data-settings=\"{&quot;background_background&quot;:&quot;classic&quot;}\">\n\t\t\t\t\t\t<div class=\"elementor-container elementor-column-gap-no\">\n\t\t\t\t\t\t\t<div class=\"elementor-row\">\n\t\t\t\t\t<div class=\"elementor-column elementor-col-100 elementor-top-column elementor-element elementor-element-f0a8159\" data-id=\"f0a8159\" data-element_type=\"column\">\n\t\t\t<div class=\"elementor-column-wrap elementor-element-populated\">\n\t\t\t\t\t\t\t<div class=\"elementor-widget-wrap\">\n\t\t\t\t\t\t<div class=\"elementor-element elementor-element-e3ad9ed elementor-hidden-tablet elementor-hidden-phone elementor-widget-divider--view-line elementor-widget elementor-widget-divider\" data-id=\"e3ad9ed\" data-element_type=\"widget\" data-widget_type=\"divider.default\">\n\t\t\t\t<div class=\"elementor-widget-container\">\n\t\t\t\t\t<div class=\"elementor-divider\">\n\t\t\t<span class=\"elementor-divider-separator\">\n\t\t\t\t\t\t<\/span>\n\t\t<\/div>\n\t\t\t\t<\/div>\n\t\t\t\t<\/div>\n\t\t\t\t<div class=\"elementor-element elementor-element-dfb8b34 elementor-widget elementor-widget-text-editor\" data-id=\"dfb8b34\" data-element_type=\"widget\" data-widget_type=\"text-editor.default\">\n\t\t\t\t<div class=\"elementor-widget-container\">\n\t\t\t\t\t<div class=\"elementor-text-editor elementor-clearfix\"><p><img loading=\"lazy\" decoding=\"async\" class=\"size-full wp-image-206 alignright\" style=\"box-shadow: 5px 5px 5px rgba(0, 0, 0, 0.5);\" src=\"http:\/\/wydawnictwo-isp.pl\/wp-content\/uploads\/2020\/09\/14132000_Easy-Resize.com_.jpg\" width=\"500\" height=\"300\" \/><\/p><h4 style=\"color: #223555;\">Our Publishing House<\/h4><p>Instytut Studi\u00f3w Podatkowych w ramach dzia\u0142alno\u015bci naukowej i edukacyjnej publikuje i upowszechnia wydawnictwa ksi\u0105\u017ckowe z dziedziny prawa finansowego i podatkowego. Wydawnictwo Instytutu Studi\u00f3w Podatkowych powsta\u0142o w 1996 roku i jako jedno ze swoich zada\u0144 statutowych wskazuje popularyzacj\u0119 wiedzy z dziedziny nauk prawnych. Posiada w swoim dorobku ponad 300 ksi\u0105\u017cek z serii wydawniczej \u201ePrawo podatkowe\u201d w tym monografii naukowych, komentarzy i podr\u0119cznik\u00f3w. Wydawnictwo publikuje ksi\u0105\u017cki, czasopisma oraz najlepsze monografie naukowe, kt\u00f3re zostan\u0105 zaakceptowane przez Rad\u0119 Wydawnictwa oraz przejd\u0105 rzetelny proces recenzyjny. W procesie podejmowania decyzji o przyj\u0119ciu lub odrzuceniu danego tekstu naukowego istotna jest oryginalno\u015b\u0107, jako\u015b\u0107 naukowa oraz sp\u00f3jno\u015b\u0107 z tematyk\u0105 wydawanej monografii, nie za\u015b pochodzenie autora pracy, jego narodowo\u015b\u0107, przynale\u017cno\u015b\u0107 etniczna, pogl\u0105dy polityczne, p\u0142e\u0107, rasa czy wyznanie. Wydawnictwo stosuje standardy etyczne zgodne z COPE. Szczeg\u00f3\u0142y dotycz\u0105ce zasad etyki stosowanych w Wydawnictwie znajduj\u0105 si\u0119 tutaj <a href=\"https:\/\/wydawnictwo-isp.pl\/en\/standardy-etyczne\/\">Standards of Ethics<\/a>The rules of functioning are been based on the best international publishing practices. The Publishing House applies an open model of scientific review. As the Publisher, ISP is obligated to comply with the current legal status regarding the infringement of copyright and plagiarism. All the studies meant to be published are checked by a counter-plagiarism system. The types of studies published include scientific monographs by one or many authors as well as popular scientific books. ISP Publishing House moreover publishes a scholarly tax advisory bulletin Doradztwo podatkowe \u2013 Biuletyn Instytutu Studi\u00f3w Podatkowych <a href=\"https:\/\/isp-bisp.pl\/resources\/html\/cms\/MAINPAGE\">(https:\/\/isp- bisp.pl\/)<\/a>.<\/p><\/div>\n\t\t\t\t<\/div>\n\t\t\t\t<\/div>\n\t\t\t\t\t\t<\/div>\n\t\t\t\t\t<\/div>\n\t\t<\/div>\n\t\t\t\t\t\t\t\t<\/div>\n\t\t\t\t\t<\/div>\n\t\t<\/section>\n\t\t\t\t<section class=\"elementor-section elementor-top-section elementor-element elementor-element-41aea09 elementor-section-boxed elementor-section-height-default elementor-section-height-default\" data-id=\"41aea09\" data-element_type=\"section\">\n\t\t\t\t\t\t<div class=\"elementor-container elementor-column-gap-default\">\n\t\t\t\t\t\t\t<div class=\"elementor-row\">\n\t\t\t\t\t<div class=\"elementor-column elementor-col-50 elementor-top-column elementor-element elementor-element-e2792a5\" data-id=\"e2792a5\" data-element_type=\"column\">\n\t\t\t<div class=\"elementor-column-wrap elementor-element-populated\">\n\t\t\t\t\t\t\t<div class=\"elementor-widget-wrap\">\n\t\t\t\t\t\t<div class=\"elementor-element elementor-element-8f31a03 elementor-widget elementor-widget-image\" data-id=\"8f31a03\" data-element_type=\"widget\" data-widget_type=\"image.default\">\n\t\t\t\t<div class=\"elementor-widget-container\">\n\t\t\t\t\t<div class=\"elementor-image\">\n\t\t\t\t\t\t\t\t\t\t<img loading=\"lazy\" decoding=\"async\" width=\"1280\" height=\"905\" src=\"https:\/\/wydawnictwo-isp.pl\/wp-content\/uploads\/2020\/09\/Instytut_Studi\u00f3w_Podatkowych_ul_Kale\u0144ska_8_w_Warszawie_ShiftN_Easy-Resize.com_.jpg\" class=\"attachment-full size-full\" alt=\"\" srcset=\"https:\/\/wydawnictwo-isp.pl\/wp-content\/uploads\/2020\/09\/Instytut_Studi\u00f3w_Podatkowych_ul_Kale\u0144ska_8_w_Warszawie_ShiftN_Easy-Resize.com_.jpg 1280w, https:\/\/wydawnictwo-isp.pl\/wp-content\/uploads\/2020\/09\/Instytut_Studi\u00f3w_Podatkowych_ul_Kale\u0144ska_8_w_Warszawie_ShiftN_Easy-Resize.com_-300x212.jpg 300w, https:\/\/wydawnictwo-isp.pl\/wp-content\/uploads\/2020\/09\/Instytut_Studi\u00f3w_Podatkowych_ul_Kale\u0144ska_8_w_Warszawie_ShiftN_Easy-Resize.com_-1024x724.jpg 1024w, https:\/\/wydawnictwo-isp.pl\/wp-content\/uploads\/2020\/09\/Instytut_Studi\u00f3w_Podatkowych_ul_Kale\u0144ska_8_w_Warszawie_ShiftN_Easy-Resize.com_-768x543.jpg 768w, https:\/\/wydawnictwo-isp.pl\/wp-content\/uploads\/2020\/09\/Instytut_Studi\u00f3w_Podatkowych_ul_Kale\u0144ska_8_w_Warszawie_ShiftN_Easy-Resize.com_-1200x848.jpg 1200w\" sizes=\"auto, (max-width: 1280px) 100vw, 1280px\" \/>\t\t\t\t\t\t\t\t\t\t\t<\/div>\n\t\t\t\t<\/div>\n\t\t\t\t<\/div>\n\t\t\t\t\t\t<\/div>\n\t\t\t\t\t<\/div>\n\t\t<\/div>\n\t\t\t\t<div class=\"elementor-column elementor-col-50 elementor-top-column elementor-element elementor-element-9c74367\" data-id=\"9c74367\" data-element_type=\"column\">\n\t\t\t<div class=\"elementor-column-wrap elementor-element-populated\">\n\t\t\t\t\t\t\t<div class=\"elementor-widget-wrap\">\n\t\t\t\t\t\t<div class=\"elementor-element elementor-element-982fa53 elementor-widget elementor-widget-text-editor\" data-id=\"982fa53\" data-element_type=\"widget\" data-widget_type=\"text-editor.default\">\n\t\t\t\t<div class=\"elementor-widget-container\">\n\t\t\t\t\t<div class=\"elementor-text-editor elementor-clearfix\"><p>The topics addressed by our publications include issues in legal sciences, particularly financial law and tax law. Implementation of tasks in this thematic specialisation ensures the filling of a niche and satisfies the needs of science and tax law practitioners. The Publisher\u2019s emphasis is that the publications address topical and important issues making essential contributions to the development of science. The studies are published in the Polish language (each containing a title, keywords, and an English summary) and, if the topic addressed is an incentive to internationalise the study, also in English. In order to internationally disseminate the scholarly monographs published by ISP, the Publisher shares them in an electronic form at the website and via industry portals. Selected scientific publications are available under the Open Science rules. <em><\/em><\/p><\/div>\n\t\t\t\t<\/div>\n\t\t\t\t<\/div>\n\t\t\t\t\t\t<\/div>\n\t\t\t\t\t<\/div>\n\t\t<\/div>\n\t\t\t\t\t\t\t\t<\/div>\n\t\t\t\t\t<\/div>\n\t\t<\/section>\n\t\t\t\t\t\t<\/div>\n\t\t\t\t\t\t<\/div>\n\t\t\t\t\t<\/div>","protected":false},"excerpt":{"rendered":"<p>Wydawnictwo Instytutu Studi\u00f3w Podatkowych &#8211; istnieje od 1996 r. Zapraszamy wszystkich Autor\u00f3w do publikacji prac z zakresu prawa podatkowegoDla Autor\u00f3wPolecamy najnowsze publikacje z serii: \u201ePrawo Podatkowe\u201dKsi\u0105\u017ckiSkorzystaj z wydawnictw elektronicznych z zakresu prawa podatkowegoSerwis Doradztwa Podatkowego Previous Next O Wydawnictwie Instytut Studi\u00f3w Podatkowych w ramach dzia\u0142alno\u015bci naukowej i edukacyjnej publikuje i upowszechnia wydawnictwa ksi\u0105\u017ckowe z dziedziny [&hellip;]<\/p>","protected":false},"author":1,"featured_media":0,"parent":0,"menu_order":0,"comment_status":"closed","ping_status":"closed","template":"elementor_header_footer","meta":{"footnotes":""},"class_list":["post-78","page","type-page","status-publish","hentry"],"_links":{"self":[{"href":"https:\/\/wydawnictwo-isp.pl\/en\/wp-json\/wp\/v2\/pages\/78","targetHints":{"allow":["GET"]}}],"collection":[{"href":"https:\/\/wydawnictwo-isp.pl\/en\/wp-json\/wp\/v2\/pages"}],"about":[{"href":"https:\/\/wydawnictwo-isp.pl\/en\/wp-json\/wp\/v2\/types\/page"}],"author":[{"embeddable":true,"href":"https:\/\/wydawnictwo-isp.pl\/en\/wp-json\/wp\/v2\/users\/1"}],"replies":[{"embeddable":true,"href":"https:\/\/wydawnictwo-isp.pl\/en\/wp-json\/wp\/v2\/comments?post=78"}],"version-history":[{"count":83,"href":"https:\/\/wydawnictwo-isp.pl\/en\/wp-json\/wp\/v2\/pages\/78\/revisions"}],"predecessor-version":[{"id":929,"href":"https:\/\/wydawnictwo-isp.pl\/en\/wp-json\/wp\/v2\/pages\/78\/revisions\/929"}],"wp:attachment":[{"href":"https:\/\/wydawnictwo-isp.pl\/en\/wp-json\/wp\/v2\/media?parent=78"}],"curies":[{"name":"wp","href":"https:\/\/api.w.org\/{rel}","templated":true}]}}