{"id":86,"date":"2020-09-19T17:01:06","date_gmt":"2020-09-19T15:01:06","guid":{"rendered":"http:\/\/socialdreamsprezentacja.pl\/?page_id=86"},"modified":"2024-08-30T12:23:03","modified_gmt":"2024-08-30T10:23:03","slug":"proces-recenzji","status":"publish","type":"page","link":"https:\/\/wydawnictwo-isp.pl\/en\/proces-recenzji\/","title":{"rendered":"Review Procedure"},"content":{"rendered":"<div data-elementor-type=\"wp-page\" data-elementor-id=\"86\" class=\"elementor elementor-86\" data-elementor-settings=\"[]\">\n\t\t\t\t\t\t<div class=\"elementor-inner\">\n\t\t\t\t\t\t\t<div class=\"elementor-section-wrap\">\n\t\t\t\t\t\t\t<section class=\"elementor-section elementor-top-section elementor-element elementor-element-785a555 elementor-section-full_width elementor-section-height-default elementor-section-height-default\" data-id=\"785a555\" data-element_type=\"section\">\n\t\t\t\t\t\t<div class=\"elementor-container elementor-column-gap-no\">\n\t\t\t\t\t\t\t<div class=\"elementor-row\">\n\t\t\t\t\t<div class=\"elementor-column elementor-col-100 elementor-top-column elementor-element elementor-element-689e4eb\" data-id=\"689e4eb\" data-element_type=\"column\">\n\t\t\t<div class=\"elementor-column-wrap elementor-element-populated\">\n\t\t\t\t\t\t\t<div class=\"elementor-widget-wrap\">\n\t\t\t\t\t\t<div class=\"elementor-element elementor-element-071e322 elementor-view-default elementor-position-top elementor-vertical-align-top elementor-widget elementor-widget-icon-box\" data-id=\"071e322\" data-element_type=\"widget\" data-widget_type=\"icon-box.default\">\n\t\t\t\t<div class=\"elementor-widget-container\">\n\t\t\t\t\t<div class=\"elementor-icon-box-wrapper\">\n\t\t\t\t\t\t<div class=\"elementor-icon-box-icon\">\n\t\t\t\t<span class=\"elementor-icon elementor-animation-\" >\n\t\t\t\t<i aria-hidden=\"true\" class=\"fas fa-book-open\"><\/i>\t\t\t\t<\/span>\n\t\t\t<\/div>\n\t\t\t\t\t\t<div class=\"elementor-icon-box-content\">\n\t\t\t\t<h3 class=\"elementor-icon-box-title\">\n\t\t\t\t\t<span >The Instytut Studi\u00f3w Podatkowych Publishing House<\/span>\n\t\t\t\t<\/h3>\n\t\t\t\t\t\t\t\t<p class=\"elementor-icon-box-description\">- since 1996<\/p>\n\t\t\t\t\t\t\t<\/div>\n\t\t<\/div>\n\t\t\t\t<\/div>\n\t\t\t\t<\/div>\n\t\t\t\t\t\t<\/div>\n\t\t\t\t\t<\/div>\n\t\t<\/div>\n\t\t\t\t\t\t\t\t<\/div>\n\t\t\t\t\t<\/div>\n\t\t<\/section>\n\t\t\t\t<section class=\"elementor-section elementor-top-section elementor-element elementor-element-5dea3ea elementor-section-boxed elementor-section-height-default elementor-section-height-default\" data-id=\"5dea3ea\" data-element_type=\"section\" data-settings=\"{&quot;background_background&quot;:&quot;classic&quot;}\">\n\t\t\t\t\t\t\t<div class=\"elementor-background-overlay\"><\/div>\n\t\t\t\t\t\t\t<div class=\"elementor-container elementor-column-gap-default\">\n\t\t\t\t\t\t\t<div class=\"elementor-row\">\n\t\t\t\t\t<div class=\"elementor-column elementor-col-100 elementor-top-column elementor-element elementor-element-4348353a\" data-id=\"4348353a\" data-element_type=\"column\">\n\t\t\t<div class=\"elementor-column-wrap elementor-element-populated\">\n\t\t\t\t\t\t\t<div class=\"elementor-widget-wrap\">\n\t\t\t\t\t\t<div class=\"elementor-element elementor-element-46e66e9 elementor-widget elementor-widget-heading\" data-id=\"46e66e9\" data-element_type=\"widget\" data-widget_type=\"heading.default\">\n\t\t\t\t<div class=\"elementor-widget-container\">\n\t\t\t<h3 class=\"elementor-heading-title elementor-size-default\">For the Reviewers<\/h3>\t\t<\/div>\n\t\t\t\t<\/div>\n\t\t\t\t\t\t<\/div>\n\t\t\t\t\t<\/div>\n\t\t<\/div>\n\t\t\t\t\t\t\t\t<\/div>\n\t\t\t\t\t<\/div>\n\t\t<\/section>\n\t\t\t\t<section class=\"elementor-section elementor-top-section elementor-element elementor-element-289a361e elementor-section-boxed elementor-section-height-default elementor-section-height-default\" data-id=\"289a361e\" data-element_type=\"section\" data-settings=\"{&quot;background_background&quot;:&quot;classic&quot;}\">\n\t\t\t\t\t\t<div class=\"elementor-container elementor-column-gap-no\">\n\t\t\t\t\t\t\t<div class=\"elementor-row\">\n\t\t\t\t\t<div class=\"elementor-column elementor-col-100 elementor-top-column elementor-element elementor-element-4ebdb697\" data-id=\"4ebdb697\" data-element_type=\"column\">\n\t\t\t<div class=\"elementor-column-wrap elementor-element-populated\">\n\t\t\t\t\t\t\t<div class=\"elementor-widget-wrap\">\n\t\t\t\t\t\t<section class=\"elementor-section elementor-inner-section elementor-element elementor-element-99c4a09 elementor-section-boxed elementor-section-height-default elementor-section-height-default\" data-id=\"99c4a09\" data-element_type=\"section\">\n\t\t\t\t\t\t<div class=\"elementor-container elementor-column-gap-default\">\n\t\t\t\t\t\t\t<div class=\"elementor-row\">\n\t\t\t\t\t<div class=\"elementor-column elementor-col-100 elementor-inner-column elementor-element elementor-element-acd5c93\" data-id=\"acd5c93\" data-element_type=\"column\">\n\t\t\t<div class=\"elementor-column-wrap elementor-element-populated\">\n\t\t\t\t\t\t\t<div class=\"elementor-widget-wrap\">\n\t\t\t\t\t\t<div class=\"elementor-element elementor-element-f71ea8e elementor-hidden-tablet elementor-hidden-phone elementor-widget-divider--view-line elementor-widget elementor-widget-divider\" data-id=\"f71ea8e\" data-element_type=\"widget\" data-widget_type=\"divider.default\">\n\t\t\t\t<div class=\"elementor-widget-container\">\n\t\t\t\t\t<div class=\"elementor-divider\">\n\t\t\t<span class=\"elementor-divider-separator\">\n\t\t\t\t\t\t<\/span>\n\t\t<\/div>\n\t\t\t\t<\/div>\n\t\t\t\t<\/div>\n\t\t\t\t<div class=\"elementor-element elementor-element-dfadea6 elementor-widget elementor-widget-text-editor\" data-id=\"dfadea6\" data-element_type=\"widget\" data-widget_type=\"text-editor.default\">\n\t\t\t\t<div class=\"elementor-widget-container\">\n\t\t\t\t\t<div class=\"elementor-text-editor elementor-clearfix\"><p><img loading=\"lazy\" decoding=\"async\" class=\"size-full wp-image-206 alignleft\" style=\"box-shadow: -5px 5px 5px rgba(0, 0, 0, 0.5);\" src=\"http:\/\/wydawnictwo-isp.pl\/wp-content\/uploads\/2020\/09\/spectacles-with-pen-NC4RGFE-scaled.jpg\" width=\"520\" height=\"293\" \/><\/p><h4 style=\"color: #223555;\">Qualification of monograph manuscripts and review procedure<\/h4><p>Works submitted for publication by our Publishing House are verified, in the first place, for their compliance with the Publisher\u2019s formal requirements. The manuscripts that fail to meet the requirements will be rejected. If compliant with the formal requirements, the publication is forwarded to the Publishing House\u2019s Council so that it may express an opinion in respect of thematic compliance with our editorial and publishing schedule. The initial acceptance is followed by appointing a reviewer to give an opinion. The review\u2019s purpose is to evaluate the material, submit remarks to the author, and provide the Publisher with a recommendation as to the publication of the study concerned. The opinion is issued based on the document \u2018Submission of Work for Publication\u2019 <a href=\"https:\/\/wydawnictwo-isp.pl\/wp-content\/uploads\/2020\/10\/2020-Zg\u0142oszenie-publikacji-WZ\u00d3R.docx\" target=\"_blank\" rel=\"noopener\">[specimen]<\/a> and the manuscript provided. The conclusions are supplied to the Publisher in the form of \u2018Review questionnaire\u2019 <a href=\"https:\/\/wydawnictwo-isp.pl\/wp-content\/uploads\/2020\/10\/2020-Kwestionariusz-Recenzji-WZ\u00d3R.docx\" target=\"_blank\" rel=\"noopener\">[specimen]<\/a>.<\/p><\/div>\n\t\t\t\t<\/div>\n\t\t\t\t<\/div>\n\t\t\t\t\t\t<\/div>\n\t\t\t\t\t<\/div>\n\t\t<\/div>\n\t\t\t\t\t\t\t\t<\/div>\n\t\t\t\t\t<\/div>\n\t\t<\/section>\n\t\t\t\t<section class=\"elementor-section elementor-inner-section elementor-element elementor-element-55586f7 elementor-section-boxed elementor-section-height-default elementor-section-height-default\" data-id=\"55586f7\" data-element_type=\"section\">\n\t\t\t\t\t\t<div class=\"elementor-container elementor-column-gap-default\">\n\t\t\t\t\t\t\t<div class=\"elementor-row\">\n\t\t\t\t\t<div class=\"elementor-column elementor-col-100 elementor-inner-column elementor-element elementor-element-8bd9970\" data-id=\"8bd9970\" data-element_type=\"column\">\n\t\t\t<div class=\"elementor-column-wrap elementor-element-populated\">\n\t\t\t\t\t\t\t<div class=\"elementor-widget-wrap\">\n\t\t\t\t\t\t<div class=\"elementor-element elementor-element-3282213 elementor-widget-divider--view-line elementor-widget elementor-widget-divider\" data-id=\"3282213\" data-element_type=\"widget\" data-widget_type=\"divider.default\">\n\t\t\t\t<div class=\"elementor-widget-container\">\n\t\t\t\t\t<div class=\"elementor-divider\">\n\t\t\t<span class=\"elementor-divider-separator\">\n\t\t\t\t\t\t<\/span>\n\t\t<\/div>\n\t\t\t\t<\/div>\n\t\t\t\t<\/div>\n\t\t\t\t<div class=\"elementor-element elementor-element-d5fe923 elementor-widget elementor-widget-text-editor\" data-id=\"d5fe923\" data-element_type=\"widget\" data-widget_type=\"text-editor.default\">\n\t\t\t\t<div class=\"elementor-widget-container\">\n\t\t\t\t\t<div class=\"elementor-text-editor elementor-clearfix\"><img loading=\"lazy\" decoding=\"async\" class=\"size-full wp-image-206 alignright\" style=\"box-shadow: 5px 5px 5px rgba(0, 0, 0, 0.5);\" src=\"http:\/\/wydawnictwo-isp.pl\/wp-content\/uploads\/2020\/09\/senior-person-handwriting-a-journal-C65X384-scaled.jpg\" width=\"500\" height=\"293\" \/>\n<h4 style=\"color: #223555;\">Authorship<\/h4>\nIdentification of the author should be limited to those who have contributed to the work in question. <em>Ghostwriting<\/em> i <em>guest autorship<\/em> being acts of scholarly dishonesty and unreliability, shall be regarded as infringement of the rules of ethics. <em>Ghostwriting<\/em> is the case when somebody has remarkably contributed to the publication but his\/her name is not mentioned as the author or in the acknowledgment note <em>Guest authorship<\/em> (<em>&#8222;honorary authorship&#8221;<\/em>occurs when somebody\u2019s contribution is of low significance or none at all but his\/her name is mentioned as the (co)author. The author is obligated to reveal the sources of funding of his\/her study, the contribution of research institutions, associations and other entities, as well as all the relevant conflicts of interests that might have impacted its results or interpretation. Articles submitted to the Publishing House can only be original works, ones that do not breach third-party copyright and have never been published or submitted to any other publisher before. In the event that after the submission the author discovers an error or inaccuracy in the text submitted, s\/he shall be obligated to instantly notify the Publisher. The author shall only submit an original work to the Publisher, and s\/he ought to make it certain that the names of the authors quoted in the study and\/or the quoted fragments of other works (incl. photographs, drawings) have been correctly quoted, mentioned or enumerated. In the event of infringement or breach of the copyright of any other person, the Publisher shall notify the institution whereto the author(s) is (are) affiliated of the suspicion of committing a crime or unethical conduct.<\/div>\n\t\t\t\t<\/div>\n\t\t\t\t<\/div>\n\t\t\t\t\t\t<\/div>\n\t\t\t\t\t<\/div>\n\t\t<\/div>\n\t\t\t\t\t\t\t\t<\/div>\n\t\t\t\t\t<\/div>\n\t\t<\/section>\n\t\t\t\t<section class=\"elementor-section elementor-inner-section elementor-element elementor-element-5e0c482 elementor-section-boxed elementor-section-height-default elementor-section-height-default\" data-id=\"5e0c482\" data-element_type=\"section\">\n\t\t\t\t\t\t<div class=\"elementor-container elementor-column-gap-default\">\n\t\t\t\t\t\t\t<div class=\"elementor-row\">\n\t\t\t\t\t<div class=\"elementor-column elementor-col-100 elementor-inner-column elementor-element elementor-element-5a17854\" data-id=\"5a17854\" data-element_type=\"column\">\n\t\t\t<div class=\"elementor-column-wrap elementor-element-populated\">\n\t\t\t\t\t\t\t<div class=\"elementor-widget-wrap\">\n\t\t\t\t\t\t<div class=\"elementor-element elementor-element-4879749 elementor-widget-divider--view-line elementor-widget elementor-widget-divider\" data-id=\"4879749\" data-element_type=\"widget\" data-widget_type=\"divider.default\">\n\t\t\t\t<div class=\"elementor-widget-container\">\n\t\t\t\t\t<div class=\"elementor-divider\">\n\t\t\t<span class=\"elementor-divider-separator\">\n\t\t\t\t\t\t<\/span>\n\t\t<\/div>\n\t\t\t\t<\/div>\n\t\t\t\t<\/div>\n\t\t\t\t<div class=\"elementor-element elementor-element-338f304 elementor-widget elementor-widget-text-editor\" data-id=\"338f304\" data-element_type=\"widget\" data-widget_type=\"text-editor.default\">\n\t\t\t\t<div class=\"elementor-widget-container\">\n\t\t\t\t\t<div class=\"elementor-text-editor elementor-clearfix\"><p><img loading=\"lazy\" decoding=\"async\" class=\"size-full wp-image-206 alignleft\" style=\"box-shadow: 5px 5px 5px rgba(0, 0, 0, 0.5);\" src=\"http:\/\/wydawnictwo-isp.pl\/wp-content\/uploads\/2020\/09\/five-wooden-cut-circles-with-stars-on-them-UC7QZ5E-scaled.jpg\" width=\"500\" height=\"333\" \/><\/p><h4 style=\"color: #223555;\">Review<\/h4><p>The reviewer shall be an independent reviewer\u2013\u2013i.e. not associated or related with the author, affiliated with a different research unit, and not acting as a reviewer in the author\u2019s doctoral or habilitation (associate professor qualification) procedure. The reviewer shall be selected based on thematic compliance. The minimum degree qualification is doktor habilitowany (postdoctoral degree). Prior to taking his assignment, the reviewer shall submit a declaration concerning:\u00a0\u00a0<\/p><p><span style=\"font-size: inherit; font-weight: var( --e-global-typography-text-font-weight ); letter-spacing: -0.015em; text-align: inherit;\">1. No direct personal relationship with the author (kinship, conflict, legal relations);<\/span><\/p><p>2. No direct research collaboration or cooperation;<\/p><p>3. No chain-of-command subordination or reporting line.<\/p><p>A specimen of the document is downloadable here <a href=\"https:\/\/wydawnictwo-isp.pl\/wp-content\/uploads\/2020\/10\/2020-O\u015bwiadczenie-Recenzenta-WZ\u00d3R.docx\" target=\"_blank\" rel=\"noopener\">[specimen]<\/a>The Publisher shall spare no effort so that the submitted work be reviewed within no longer than three (3) months; this timeline might be subject to change in certain circumstances (such as availability of the reviewer), though. Requests for review are made to the reviewers by electronic mail. The reviewer receives the manuscript for review only after s\/he has committed to perform the task. At an earlier stage, the reviewer is only informed on the area and thematic scope of the work submitted, as per the application form. The review shall be made in writing and has to indicate the reviewer\u2019s recommendation regarding acceptance of the study for publication or its rejection. The reviewer\u2019s opinion is to be prepared based on the review questionnaire <a href=\"https:\/\/wydawnictwo-isp.pl\/wp-content\/uploads\/2020\/10\/2020-Kwestionariusz-Recenzji-WZ\u00d3R.docx\" target=\"_blank\" rel=\"noopener\">[specimen]<\/a>.\u00a0<span style=\"font-size: inherit; text-align: inherit; font-weight: var( --e-global-typography-text-font-weight ); letter-spacing: -0.015em;\">The reviewer is obliged to verify the substantive quality, originality of the arguments\/statements proposed and justifiability of the research undertaken, methodology applied, correctness of the conclusions formulated and method of their presentation. The review ought to be fair, objective, reliable, constructive, conformant to the current knowledge, and prepared in a timely fashion. The reviewer is obligated to reveal any instance of plagiarism or suspicion of plagiarism, irrelevant (duplicated) publication, and any slip in quoting the data s\/he might have detected.<\/span><\/p><p>Conditional acceptance for publication<\/p><p>After the review is completed, the author shall receive the review to get acquainted with it, give his\/her judgment in writing, and prepare a corrected version of his\/her study. All contact between the author and the reviewer should be via the ISP Publishing House, until the study is published.<\/p><p>Once the reviewer\u2019s opinion is received, the Publishing House\u2019s Council shall decide as to the method and date of publication as well as the circulation of the printed version, method of dissemination, and submission to the relevant scientific resource databases. The Publisher\u2019s decision regarding the publication shall be communicated to the author(s) by email. In case the decision to publish has been made, a publication contract shall be entered into, as the next step. Once the qualification and reviewing procedure is completed, the study is subjected to editorial processing.<\/p><p>The ISP Publishing House reserves the right not to accept and refuse the publication of the study submitted.\u00a0<\/p><\/div>\n\t\t\t\t<\/div>\n\t\t\t\t<\/div>\n\t\t\t\t\t\t<\/div>\n\t\t\t\t\t<\/div>\n\t\t<\/div>\n\t\t\t\t\t\t\t\t<\/div>\n\t\t\t\t\t<\/div>\n\t\t<\/section>\n\t\t\t\t<div class=\"elementor-element elementor-element-145bcf2c elementor-widget elementor-widget-spacer\" data-id=\"145bcf2c\" data-element_type=\"widget\" data-widget_type=\"spacer.default\">\n\t\t\t\t<div class=\"elementor-widget-container\">\n\t\t\t\t\t<div class=\"elementor-spacer\">\n\t\t\t<div class=\"elementor-spacer-inner\"><\/div>\n\t\t<\/div>\n\t\t\t\t<\/div>\n\t\t\t\t<\/div>\n\t\t\t\t\t\t<\/div>\n\t\t\t\t\t<\/div>\n\t\t<\/div>\n\t\t\t\t\t\t\t\t<\/div>\n\t\t\t\t\t<\/div>\n\t\t<\/section>\n\t\t\t\t<section class=\"elementor-section elementor-top-section elementor-element elementor-element-3d416be elementor-section-boxed elementor-section-height-default elementor-section-height-default\" data-id=\"3d416be\" data-element_type=\"section\" data-settings=\"{&quot;background_background&quot;:&quot;classic&quot;}\">\n\t\t\t\t\t\t<div class=\"elementor-container elementor-column-gap-default\">\n\t\t\t\t\t\t\t<div class=\"elementor-row\">\n\t\t\t\t\t<div class=\"elementor-column elementor-col-100 elementor-top-column elementor-element elementor-element-c848b3d\" data-id=\"c848b3d\" data-element_type=\"column\">\n\t\t\t<div class=\"elementor-column-wrap elementor-element-populated\">\n\t\t\t\t\t\t\t<div class=\"elementor-widget-wrap\">\n\t\t\t\t\t\t<div class=\"elementor-element elementor-element-23de1fa elementor-widget-divider--view-line elementor-widget elementor-widget-divider\" data-id=\"23de1fa\" data-element_type=\"widget\" data-widget_type=\"divider.default\">\n\t\t\t\t<div class=\"elementor-widget-container\">\n\t\t\t\t\t<div class=\"elementor-divider\">\n\t\t\t<span class=\"elementor-divider-separator\">\n\t\t\t\t\t\t<\/span>\n\t\t<\/div>\n\t\t\t\t<\/div>\n\t\t\t\t<\/div>\n\t\t\t\t<div class=\"elementor-element elementor-element-020585d elementor-view-default elementor-widget elementor-widget-icon\" data-id=\"020585d\" data-element_type=\"widget\" data-widget_type=\"icon.default\">\n\t\t\t\t<div class=\"elementor-widget-container\">\n\t\t\t\t\t<div class=\"elementor-icon-wrapper\">\n\t\t\t<div class=\"elementor-icon\">\n\t\t\t<i aria-hidden=\"true\" class=\"fas fa-download\"><\/i>\t\t\t<\/div>\n\t\t<\/div>\n\t\t\t\t<\/div>\n\t\t\t\t<\/div>\n\t\t\t\t<div class=\"elementor-element elementor-element-e9a33f9 elementor-widget elementor-widget-heading\" data-id=\"e9a33f9\" data-element_type=\"widget\" data-widget_type=\"heading.default\">\n\t\t\t\t<div class=\"elementor-widget-container\">\n\t\t\t<h3 class=\"elementor-heading-title elementor-size-default\">Download files<\/h3>\t\t<\/div>\n\t\t\t\t<\/div>\n\t\t\t\t<div class=\"elementor-element elementor-element-298eab8 elementor-widget elementor-widget-text-editor\" data-id=\"298eab8\" data-element_type=\"widget\" data-widget_type=\"text-editor.default\">\n\t\t\t\t<div class=\"elementor-widget-container\">\n\t\t\t\t\t<div class=\"elementor-text-editor elementor-clearfix\"><p><a href=\"https:\/\/wydawnictwo-isp.pl\/wp-content\/uploads\/2020\/10\/2020-Kwestionariusz-Recenzji-WZ\u00d3R.docx\" target=\"_blank\" rel=\"noopener\">Review form<\/a><\/p><p><a href=\"https:\/\/wydawnictwo-isp.pl\/wp-content\/uploads\/2020\/10\/2020-O\u015bwiadczenie-Recenzenta-WZ\u00d3R.docx\" target=\"_blank\" rel=\"noopener\">Reviewer's statement<\/a><\/p><p><a href=\"https:\/\/wydawnictwo-isp.pl\/wp-content\/uploads\/2020\/10\/2020-Standardy-Etyki-ISP.pdf\" target=\"_blank\" rel=\"noopener\">Standards of Ethics<\/a><\/p><\/div>\n\t\t\t\t<\/div>\n\t\t\t\t<\/div>\n\t\t\t\t\t\t<\/div>\n\t\t\t\t\t<\/div>\n\t\t<\/div>\n\t\t\t\t\t\t\t\t<\/div>\n\t\t\t\t\t<\/div>\n\t\t<\/section>\n\t\t\t\t\t\t<\/div>\n\t\t\t\t\t\t<\/div>\n\t\t\t\t\t<\/div>","protected":false},"excerpt":{"rendered":"<p>Wydawnictwo Instytutu Studi\u00f3w Podatkowych &#8211; istnieje od 1996 r. Dla Recenzent\u00f3w Kwalifikacja manuskrypt\u00f3w monografii naukowych i procedura recenzji Dzie\u0142a zg\u0142oszone do publikacji w Wydawnictwie Instytutu Studi\u00f3w Podatkowych w pierwszej kolejno\u015bci s\u0105 weryfikowane pod k\u0105tem zgodno\u015bci z wymogami formalnymi Wydawnictwa. Manuskrypty, kt\u00f3re nie spe\u0142niaj\u0105 wymog\u00f3w s\u0105 odrzucane. Publikacja zgodna z wymogami formalnymi kierowana jest do\u00a0 zaopiniowania [&hellip;]<\/p>","protected":false},"author":1,"featured_media":0,"parent":0,"menu_order":0,"comment_status":"closed","ping_status":"closed","template":"elementor_header_footer","meta":{"footnotes":""},"class_list":["post-86","page","type-page","status-publish","hentry"],"_links":{"self":[{"href":"https:\/\/wydawnictwo-isp.pl\/en\/wp-json\/wp\/v2\/pages\/86","targetHints":{"allow":["GET"]}}],"collection":[{"href":"https:\/\/wydawnictwo-isp.pl\/en\/wp-json\/wp\/v2\/pages"}],"about":[{"href":"https:\/\/wydawnictwo-isp.pl\/en\/wp-json\/wp\/v2\/types\/page"}],"author":[{"embeddable":true,"href":"https:\/\/wydawnictwo-isp.pl\/en\/wp-json\/wp\/v2\/users\/1"}],"replies":[{"embeddable":true,"href":"https:\/\/wydawnictwo-isp.pl\/en\/wp-json\/wp\/v2\/comments?post=86"}],"version-history":[{"count":55,"href":"https:\/\/wydawnictwo-isp.pl\/en\/wp-json\/wp\/v2\/pages\/86\/revisions"}],"predecessor-version":[{"id":919,"href":"https:\/\/wydawnictwo-isp.pl\/en\/wp-json\/wp\/v2\/pages\/86\/revisions\/919"}],"wp:attachment":[{"href":"https:\/\/wydawnictwo-isp.pl\/en\/wp-json\/wp\/v2\/media?parent=86"}],"curies":[{"name":"wp","href":"https:\/\/api.w.org\/{rel}","templated":true}]}}