{"id":88,"date":"2020-09-19T17:01:29","date_gmt":"2020-09-19T15:01:29","guid":{"rendered":"http:\/\/socialdreamsprezentacja.pl\/?page_id=88"},"modified":"2020-11-24T14:43:18","modified_gmt":"2020-11-24T13:43:18","slug":"standardy-etyczne","status":"publish","type":"page","link":"https:\/\/wydawnictwo-isp.pl\/en\/standardy-etyczne\/","title":{"rendered":"Standards of Ethics"},"content":{"rendered":"<div data-elementor-type=\"wp-page\" data-elementor-id=\"88\" class=\"elementor elementor-88\" data-elementor-settings=\"[]\">\n\t\t\t\t\t\t<div class=\"elementor-inner\">\n\t\t\t\t\t\t\t<div class=\"elementor-section-wrap\">\n\t\t\t\t\t\t\t<section class=\"elementor-section elementor-top-section elementor-element elementor-element-67d6e51 elementor-section-full_width elementor-section-height-default elementor-section-height-default\" data-id=\"67d6e51\" data-element_type=\"section\">\n\t\t\t\t\t\t<div class=\"elementor-container elementor-column-gap-no\">\n\t\t\t\t\t\t\t<div class=\"elementor-row\">\n\t\t\t\t\t<div class=\"elementor-column elementor-col-100 elementor-top-column elementor-element elementor-element-4053d76\" data-id=\"4053d76\" data-element_type=\"column\">\n\t\t\t<div class=\"elementor-column-wrap elementor-element-populated\">\n\t\t\t\t\t\t\t<div class=\"elementor-widget-wrap\">\n\t\t\t\t\t\t<div class=\"elementor-element elementor-element-b9f0053 elementor-view-default elementor-position-top elementor-vertical-align-top elementor-widget elementor-widget-icon-box\" data-id=\"b9f0053\" data-element_type=\"widget\" data-widget_type=\"icon-box.default\">\n\t\t\t\t<div class=\"elementor-widget-container\">\n\t\t\t\t\t<div class=\"elementor-icon-box-wrapper\">\n\t\t\t\t\t\t<div class=\"elementor-icon-box-icon\">\n\t\t\t\t<span class=\"elementor-icon elementor-animation-\" >\n\t\t\t\t<i aria-hidden=\"true\" class=\"fas fa-book-open\"><\/i>\t\t\t\t<\/span>\n\t\t\t<\/div>\n\t\t\t\t\t\t<div class=\"elementor-icon-box-content\">\n\t\t\t\t<h3 class=\"elementor-icon-box-title\">\n\t\t\t\t\t<span >The Instytut Studi\u00f3w Podatkowych Publishing House<\/span>\n\t\t\t\t<\/h3>\n\t\t\t\t\t\t\t\t<p class=\"elementor-icon-box-description\">- since 1996<\/p>\n\t\t\t\t\t\t\t<\/div>\n\t\t<\/div>\n\t\t\t\t<\/div>\n\t\t\t\t<\/div>\n\t\t\t\t\t\t<\/div>\n\t\t\t\t\t<\/div>\n\t\t<\/div>\n\t\t\t\t\t\t\t\t<\/div>\n\t\t\t\t\t<\/div>\n\t\t<\/section>\n\t\t\t\t<section class=\"elementor-section elementor-top-section elementor-element elementor-element-1dc1bf36 elementor-section-boxed elementor-section-height-default elementor-section-height-default\" data-id=\"1dc1bf36\" data-element_type=\"section\" data-settings=\"{&quot;background_background&quot;:&quot;classic&quot;}\">\n\t\t\t\t\t\t\t<div class=\"elementor-background-overlay\"><\/div>\n\t\t\t\t\t\t\t<div class=\"elementor-container elementor-column-gap-default\">\n\t\t\t\t\t\t\t<div class=\"elementor-row\">\n\t\t\t\t\t<div class=\"elementor-column elementor-col-100 elementor-top-column elementor-element elementor-element-17b67418\" data-id=\"17b67418\" data-element_type=\"column\">\n\t\t\t<div class=\"elementor-column-wrap elementor-element-populated\">\n\t\t\t\t\t\t\t<div class=\"elementor-widget-wrap\">\n\t\t\t\t\t\t<div class=\"elementor-element elementor-element-afdd097 elementor-widget elementor-widget-heading\" data-id=\"afdd097\" data-element_type=\"widget\" data-widget_type=\"heading.default\">\n\t\t\t\t<div class=\"elementor-widget-container\">\n\t\t\t<h3 class=\"elementor-heading-title elementor-size-default\">Standards of Ethics<\/h3>\t\t<\/div>\n\t\t\t\t<\/div>\n\t\t\t\t\t\t<\/div>\n\t\t\t\t\t<\/div>\n\t\t<\/div>\n\t\t\t\t\t\t\t\t<\/div>\n\t\t\t\t\t<\/div>\n\t\t<\/section>\n\t\t\t\t<section class=\"elementor-section elementor-top-section elementor-element elementor-element-0695e45 elementor-hidden-tablet elementor-hidden-phone elementor-section-boxed elementor-section-height-default elementor-section-height-default\" data-id=\"0695e45\" data-element_type=\"section\">\n\t\t\t\t\t\t<div class=\"elementor-container elementor-column-gap-default\">\n\t\t\t\t\t\t\t<div class=\"elementor-row\">\n\t\t\t\t\t<div class=\"elementor-column elementor-col-100 elementor-top-column elementor-element elementor-element-e30fb7f\" data-id=\"e30fb7f\" data-element_type=\"column\">\n\t\t\t<div class=\"elementor-column-wrap elementor-element-populated\">\n\t\t\t\t\t\t\t<div class=\"elementor-widget-wrap\">\n\t\t\t\t\t\t<div class=\"elementor-element elementor-element-fc55a2d elementor-widget-divider--view-line elementor-widget elementor-widget-divider\" data-id=\"fc55a2d\" data-element_type=\"widget\" data-widget_type=\"divider.default\">\n\t\t\t\t<div class=\"elementor-widget-container\">\n\t\t\t\t\t<div class=\"elementor-divider\">\n\t\t\t<span class=\"elementor-divider-separator\">\n\t\t\t\t\t\t<\/span>\n\t\t<\/div>\n\t\t\t\t<\/div>\n\t\t\t\t<\/div>\n\t\t\t\t<div class=\"elementor-element elementor-element-3203433 elementor-widget elementor-widget-text-editor\" data-id=\"3203433\" data-element_type=\"widget\" data-widget_type=\"text-editor.default\">\n\t\t\t\t<div class=\"elementor-widget-container\">\n\t\t\t\t\t<div class=\"elementor-text-editor elementor-clearfix\"><img loading=\"lazy\" decoding=\"async\" class=\"size-full wp-image-206 alignleft\" style=\"box-shadow: -5px 5px 5px rgba(0, 0, 0, 0.5); padding-right: 10px;\" src=\"http:\/\/wydawnictwo-isp.pl\/wp-content\/uploads\/2020\/10\/sharon-mccutcheon-eMP4sYPJ9x0-unsplash-scaled.jpg\" width=\"500\" height=\"293\" \/>\n<h4 style=\"color: #223555;\">Publication ethics of the ISP Publishing House<\/h4>\nThe ISP Publishing House applies the principles of publication ethics aiming at counteracting unfair publishing practices, in particular in line with the guidelines of the <a href=\"https:\/\/publicationethics.org\">COPE \u2013 Committee on Publication Ethics<\/a>.\n\n<span style=\"font-size: inherit; text-align: inherit; font-weight: var( --e-global-typography-text-font-weight ); letter-spacing: -0.015em;\">1.\u00a0<\/span><span style=\"font-size: inherit; font-weight: var( --e-global-typography-text-font-weight ); letter-spacing: -0.015em; text-align: inherit;\">1. The Publishing House\u2019s Council shall decide whether the submission is to be included in the publishing schedule, taking into account the Publisher\u2019s profile, subject-matter, originality, and usefulness to the readers (scholars and law practitioners).\u00a0<\/span>\n\n<span style=\"font-size: inherit; font-weight: var( --e-global-typography-text-font-weight ); letter-spacing: -0.015em; text-align: inherit;\">2. The Publishing House applies all the measures available in order to prevent plagiarism and publication of false data. All the studies earmarked for publication are checked by a counter-plagiarism system.<\/span>\n\n3. The Publishing House counteracts <em>Ghostwriting<\/em> (omitting among the names of the authors those who have actually authored\/contributed to the publication) and <em>Guest authorship<\/em> (przypisanie autorstwa osobom, kt\u00f3re nie uczestniczy\u0142y w tworzeniu dzie\u0142a).\n\n2. Wydawnictwo zobowi\u0105zuje si\u0119 do poszanowania autorskich praw osobistych autor\u00f3w, a w szczeg\u00f3lno\u015bci respektowania prawa do autorstwa oraz decydowania o sposobie oznaczenia autorstwa, dbania o renom\u0119 oraz dobr\u0105 s\u0142aw\u0119 autor\u00f3w oraz utworu.\n\n3. Wydawnictwo zapewnia rzetelny i profesjonalny proces wydawniczy, w tym proces redakcyjny.\n\n4. Wydawnictwo publikuje recenzowane monografie naukowe wnosz\u0105ce istotny wk\u0142ad w rozw\u00f3j nauki. Ponadto prowadzi polityk\u0119 wydawnicz\u0105 przyczyniaj\u0105c\u0105 si\u0119 do upowszechniania monografii naukowych w skali mi\u0119dzynarodowej.\n\n5. Recenzja wydawnicza utworu jest wewn\u0119trznym dokumentem Wydawnictwa.\n\n6. Wydawnictwo stosuje jednolite standardy kwalifikowania monografii naukowych do publikacji, niezale\u017cnie od wniesienia op\u0142aty za publikacj\u0119 monografii naukowej i wysoko\u015bci tej op\u0142aty.\n\n7. Wydawnictwo zapewnia poufno\u015b\u0107 i bezpiecze\u0144stwo przetwarzania danych osobowych.<\/div>\n\t\t\t\t<\/div>\n\t\t\t\t<\/div>\n\t\t\t\t\t\t<\/div>\n\t\t\t\t\t<\/div>\n\t\t<\/div>\n\t\t\t\t\t\t\t\t<\/div>\n\t\t\t\t\t<\/div>\n\t\t<\/section>\n\t\t\t\t<section class=\"elementor-section elementor-top-section elementor-element elementor-element-8d665c7 elementor-hidden-desktop elementor-section-boxed elementor-section-height-default elementor-section-height-default\" data-id=\"8d665c7\" data-element_type=\"section\">\n\t\t\t\t\t\t<div class=\"elementor-container elementor-column-gap-default\">\n\t\t\t\t\t\t\t<div class=\"elementor-row\">\n\t\t\t\t\t<div class=\"elementor-column elementor-col-100 elementor-top-column elementor-element elementor-element-9a8f55a\" data-id=\"9a8f55a\" data-element_type=\"column\">\n\t\t\t<div class=\"elementor-column-wrap elementor-element-populated\">\n\t\t\t\t\t\t\t<div class=\"elementor-widget-wrap\">\n\t\t\t\t\t\t<div class=\"elementor-element elementor-element-50b238f elementor-widget-divider--view-line elementor-widget elementor-widget-divider\" data-id=\"50b238f\" data-element_type=\"widget\" data-widget_type=\"divider.default\">\n\t\t\t\t<div class=\"elementor-widget-container\">\n\t\t\t\t\t<div class=\"elementor-divider\">\n\t\t\t<span class=\"elementor-divider-separator\">\n\t\t\t\t\t\t<\/span>\n\t\t<\/div>\n\t\t\t\t<\/div>\n\t\t\t\t<\/div>\n\t\t\t\t<div class=\"elementor-element elementor-element-229a4c5 elementor-widget elementor-widget-text-editor\" data-id=\"229a4c5\" data-element_type=\"widget\" data-widget_type=\"text-editor.default\">\n\t\t\t\t<div class=\"elementor-widget-container\">\n\t\t\t\t\t<div class=\"elementor-text-editor elementor-clearfix\"><p><img loading=\"lazy\" decoding=\"async\" class=\"size-full wp-image-206 aligncenter\" style=\"box-shadow: -5px 5px 5px rgba(0, 0, 0, 0.5); padding-right: 10px;\" src=\"http:\/\/wydawnictwo-isp.pl\/wp-content\/uploads\/2020\/10\/sharon-mccutcheon-eMP4sYPJ9x0-unsplash-scaled.jpg\" width=\"500\" height=\"293\" \/><\/p><h4 style=\"color: #223555;\">Publication ethics of the ISP Publishing House<\/h4><p>The ISP Publishing House applies the principles of publication ethics aiming at counteracting unfair publishing practices, in particular in line with the guidelines of the <a href=\"https:\/\/publicationethics.org\">COPE \u2013 Committee on Publication Ethics<\/a>.<\/p><p><span style=\"font-size: inherit; text-align: inherit; font-weight: var( --e-global-typography-text-font-weight ); letter-spacing: -0.015em;\">1.\u00a0<\/span><span style=\"font-size: inherit; font-weight: var( --e-global-typography-text-font-weight ); letter-spacing: -0.015em; text-align: inherit;\">1. The Publishing House\u2019s Council shall decide whether the submission is to be included in the publishing schedule, taking into account the Publisher\u2019s profile, subject-matter, originality, and usefulness to the readers (scholars and law practitioners).\u00a0<\/span><\/p><p><span style=\"font-size: inherit; font-weight: var( --e-global-typography-text-font-weight ); letter-spacing: -0.015em; text-align: inherit;\">2. The Publishing House applies all the measures available in order to prevent plagiarism and publication of false data. All the studies earmarked for publication are checked by a counter-plagiarism system.<\/span><\/p><p>3. The Publishing House counteracts <em>Ghostwriting<\/em> (omitting among the names of the authors those who have actually authored\/contributed to the publication) and <em>Guest authorship<\/em> (ascribing the authorship to those who have not participated in the making of the work submitted).<\/p><p>4. The Publishing House undertakes to respect the personal copyright of the authors, particularly the right to authorship, and to decide about the way in which authorship is to be indicated; also, to care about the renown and good fame of the authors and their works.<\/p><p>5. The Publishing House ensures reliable and professional publishing process, including its editorial aspect.<\/p><p>6. The Publishing House publishes reviewed scientific monographs that can make essential contribution to the development of science and research. Its publishing policy is meant to contribute to disseminate such monographs internationally.<\/p><p>7. The editorial review is the Publishing House\u2019s internal document.<\/p><p>8. The Publishing House applies unified standards in accepting research monographs for publication, regardless of the payment of the fee for publication of such a monograph and the amount of such fee.<\/p><p>9. The Publishing House ensures confidentiality and safety of processing the personal data.<\/p><\/div>\n\t\t\t\t<\/div>\n\t\t\t\t<\/div>\n\t\t\t\t\t\t<\/div>\n\t\t\t\t\t<\/div>\n\t\t<\/div>\n\t\t\t\t\t\t\t\t<\/div>\n\t\t\t\t\t<\/div>\n\t\t<\/section>\n\t\t\t\t<section class=\"elementor-section elementor-top-section elementor-element elementor-element-52e88cd elementor-hidden-tablet elementor-hidden-phone elementor-section-boxed elementor-section-height-default elementor-section-height-default\" data-id=\"52e88cd\" data-element_type=\"section\">\n\t\t\t\t\t\t<div class=\"elementor-container elementor-column-gap-default\">\n\t\t\t\t\t\t\t<div class=\"elementor-row\">\n\t\t\t\t\t<div class=\"elementor-column elementor-col-100 elementor-top-column elementor-element elementor-element-de05fcf\" data-id=\"de05fcf\" data-element_type=\"column\">\n\t\t\t<div class=\"elementor-column-wrap elementor-element-populated\">\n\t\t\t\t\t\t\t<div class=\"elementor-widget-wrap\">\n\t\t\t\t\t\t<div class=\"elementor-element elementor-element-6192b22 elementor-widget-divider--view-line elementor-widget elementor-widget-divider\" data-id=\"6192b22\" data-element_type=\"widget\" data-widget_type=\"divider.default\">\n\t\t\t\t<div class=\"elementor-widget-container\">\n\t\t\t\t\t<div class=\"elementor-divider\">\n\t\t\t<span class=\"elementor-divider-separator\">\n\t\t\t\t\t\t<\/span>\n\t\t<\/div>\n\t\t\t\t<\/div>\n\t\t\t\t<\/div>\n\t\t\t\t<div class=\"elementor-element elementor-element-1c643a6 elementor-widget elementor-widget-text-editor\" data-id=\"1c643a6\" data-element_type=\"widget\" data-widget_type=\"text-editor.default\">\n\t\t\t\t<div class=\"elementor-widget-container\">\n\t\t\t\t\t<div class=\"elementor-text-editor elementor-clearfix\"><p><img loading=\"lazy\" decoding=\"async\" class=\"size-full wp-image-206 alignleft\" style=\"box-shadow: -5px 5px 5px rgba(0, 0, 0, 0.5);\" src=\"http:\/\/wydawnictwo-isp.pl\/wp-content\/uploads\/2020\/10\/scott-graham-OQMZwNd3ThU-unsplash-scaled.jpg\" width=\"500\" height=\"293\" \/><\/p><h4 style=\"color: #223555;\">Ethical principles binding for the authors<\/h4><p>1. The author is obligated to provide the Publishing House with an original work which must not be a piece of plagiarism or self-plagiarism (i.e. a book published, in whole or in part, by any other publisher).<\/p><p>2. The authorship should be limited to those who have significantly contributed to the preparation of the study concerned.<\/p><p>3. The author reassures that the copyright to the work granted to the Publishing House at the date the latter has accepted the work shall not be restricted by any rights of third parties whatsoever. The use and disposing of the work by the Publishing House must not infringe any third-party personal and other rights whatsoever.<\/p><p>4. The texts provided by the authors are to be published based upon author-publisher contracts which regulate all the relevant copyright-related matters.<\/p><p>5. For collective (multi-author) works, the author submitting the work for publication shall be obligated to determine the actual authorship of all the individual fragments of the work.<\/p><p>A detailed description of the reviewing process is posted on the Publishing House\u2019s website: <a href=\"https:\/\/wydawnictwo-isp.pl\/en\/proces-recenzji\/\"><u>[read here]<\/u><\/a><\/p><\/div>\n\t\t\t\t<\/div>\n\t\t\t\t<\/div>\n\t\t\t\t\t\t<\/div>\n\t\t\t\t\t<\/div>\n\t\t<\/div>\n\t\t\t\t\t\t\t\t<\/div>\n\t\t\t\t\t<\/div>\n\t\t<\/section>\n\t\t\t\t<section class=\"elementor-section elementor-top-section elementor-element elementor-element-a1ea252 elementor-hidden-desktop elementor-section-boxed elementor-section-height-default elementor-section-height-default\" data-id=\"a1ea252\" data-element_type=\"section\">\n\t\t\t\t\t\t<div class=\"elementor-container elementor-column-gap-default\">\n\t\t\t\t\t\t\t<div class=\"elementor-row\">\n\t\t\t\t\t<div class=\"elementor-column elementor-col-100 elementor-top-column elementor-element elementor-element-16fd418\" data-id=\"16fd418\" data-element_type=\"column\">\n\t\t\t<div class=\"elementor-column-wrap elementor-element-populated\">\n\t\t\t\t\t\t\t<div class=\"elementor-widget-wrap\">\n\t\t\t\t\t\t<div class=\"elementor-element elementor-element-bac2c5f elementor-widget-divider--view-line elementor-widget elementor-widget-divider\" data-id=\"bac2c5f\" data-element_type=\"widget\" data-widget_type=\"divider.default\">\n\t\t\t\t<div class=\"elementor-widget-container\">\n\t\t\t\t\t<div class=\"elementor-divider\">\n\t\t\t<span class=\"elementor-divider-separator\">\n\t\t\t\t\t\t<\/span>\n\t\t<\/div>\n\t\t\t\t<\/div>\n\t\t\t\t<\/div>\n\t\t\t\t<div class=\"elementor-element elementor-element-2ad5122 elementor-widget elementor-widget-text-editor\" data-id=\"2ad5122\" data-element_type=\"widget\" data-widget_type=\"text-editor.default\">\n\t\t\t\t<div class=\"elementor-widget-container\">\n\t\t\t\t\t<div class=\"elementor-text-editor elementor-clearfix\"><p><img loading=\"lazy\" decoding=\"async\" class=\"size-full wp-image-206 aligncenter\" style=\"box-shadow: -5px 5px 5px rgba(0, 0, 0, 0.5);\" src=\"http:\/\/wydawnictwo-isp.pl\/wp-content\/uploads\/2020\/10\/scott-graham-OQMZwNd3ThU-unsplash-scaled.jpg\" width=\"500\" height=\"293\" \/><\/p><h4 style=\"color: #223555;\">Ethical principles binding for the authors<\/h4><p>1. The author is obligated to provide the Publishing House with an original work which must not be a piece of plagiarism or self-plagiarism (i.e. a book published, in whole or in part, by any other publisher).<\/p><p>2. The authorship should be limited to those who have significantly contributed to the preparation of the study concerned.<\/p><p>3. The author reassures that the copyright to the work granted to the Publishing House at the date the latter has accepted the work shall not be restricted by any rights of third parties whatsoever. The use and disposing of the work by the Publishing House must not infringe any third-party personal and other rights whatsoever.<\/p><p>4. The texts provided by the authors are to be published based upon author-publisher contracts which regulate all the relevant copyright-related matters.<\/p><p>5. For collective (multi-author) works, the author submitting the work for publication shall be obligated to determine the actual authorship of all the individual fragments of the work.<\/p><p>A detailed description of the reviewing process is posted on the Publishing House\u2019s website: <a href=\"https:\/\/wydawnictwo-isp.pl\/en\/proces-recenzji\/\"><u>[read here]<\/u><\/a><\/p><\/div>\n\t\t\t\t<\/div>\n\t\t\t\t<\/div>\n\t\t\t\t\t\t<\/div>\n\t\t\t\t\t<\/div>\n\t\t<\/div>\n\t\t\t\t\t\t\t\t<\/div>\n\t\t\t\t\t<\/div>\n\t\t<\/section>\n\t\t\t\t<section class=\"elementor-section elementor-top-section elementor-element elementor-element-4218dc8b elementor-section-boxed elementor-section-height-default elementor-section-height-default\" data-id=\"4218dc8b\" data-element_type=\"section\" data-settings=\"{&quot;background_background&quot;:&quot;classic&quot;}\">\n\t\t\t\t\t\t<div class=\"elementor-container elementor-column-gap-no\">\n\t\t\t\t\t\t\t<div class=\"elementor-row\">\n\t\t\t\t\t<div class=\"elementor-column elementor-col-100 elementor-top-column elementor-element elementor-element-636efff6\" data-id=\"636efff6\" data-element_type=\"column\">\n\t\t\t<div class=\"elementor-column-wrap elementor-element-populated\">\n\t\t\t\t\t\t\t<div class=\"elementor-widget-wrap\">\n\t\t\t\t\t\t\t\t<\/div>\n\t\t\t\t\t<\/div>\n\t\t<\/div>\n\t\t\t\t\t\t\t\t<\/div>\n\t\t\t\t\t<\/div>\n\t\t<\/section>\n\t\t\t\t<section class=\"elementor-section elementor-top-section elementor-element elementor-element-4a2210a elementor-section-boxed elementor-section-height-default elementor-section-height-default\" data-id=\"4a2210a\" data-element_type=\"section\" data-settings=\"{&quot;background_background&quot;:&quot;classic&quot;}\">\n\t\t\t\t\t\t<div class=\"elementor-container elementor-column-gap-default\">\n\t\t\t\t\t\t\t<div class=\"elementor-row\">\n\t\t\t\t\t<div class=\"elementor-column elementor-col-100 elementor-top-column elementor-element elementor-element-d585bbb\" data-id=\"d585bbb\" data-element_type=\"column\">\n\t\t\t<div class=\"elementor-column-wrap elementor-element-populated\">\n\t\t\t\t\t\t\t<div class=\"elementor-widget-wrap\">\n\t\t\t\t\t\t<div class=\"elementor-element elementor-element-2ac51f6 elementor-widget-divider--view-line elementor-widget elementor-widget-divider\" data-id=\"2ac51f6\" data-element_type=\"widget\" data-widget_type=\"divider.default\">\n\t\t\t\t<div class=\"elementor-widget-container\">\n\t\t\t\t\t<div class=\"elementor-divider\">\n\t\t\t<span class=\"elementor-divider-separator\">\n\t\t\t\t\t\t<\/span>\n\t\t<\/div>\n\t\t\t\t<\/div>\n\t\t\t\t<\/div>\n\t\t\t\t<div class=\"elementor-element elementor-element-554c475 elementor-view-default elementor-widget elementor-widget-icon\" data-id=\"554c475\" data-element_type=\"widget\" data-widget_type=\"icon.default\">\n\t\t\t\t<div class=\"elementor-widget-container\">\n\t\t\t\t\t<div class=\"elementor-icon-wrapper\">\n\t\t\t<div class=\"elementor-icon\">\n\t\t\t<i aria-hidden=\"true\" class=\"fas fa-download\"><\/i>\t\t\t<\/div>\n\t\t<\/div>\n\t\t\t\t<\/div>\n\t\t\t\t<\/div>\n\t\t\t\t<div class=\"elementor-element elementor-element-c14d737 elementor-widget elementor-widget-heading\" data-id=\"c14d737\" data-element_type=\"widget\" data-widget_type=\"heading.default\">\n\t\t\t\t<div class=\"elementor-widget-container\">\n\t\t\t<h3 class=\"elementor-heading-title elementor-size-default\">Download files<\/h3>\t\t<\/div>\n\t\t\t\t<\/div>\n\t\t\t\t<div class=\"elementor-element elementor-element-d8601e9 elementor-widget elementor-widget-text-editor\" data-id=\"d8601e9\" data-element_type=\"widget\" data-widget_type=\"text-editor.default\">\n\t\t\t\t<div class=\"elementor-widget-container\">\n\t\t\t\t\t<div class=\"elementor-text-editor elementor-clearfix\"><p><a href=\"http:\/\/wydawnictwo-isp.pl\/en\/wp-content\/uploads\/2020\/10\/2020-Standardy-Etyki-ISP.pdf\/\" target=\"_blank\" rel=\"noopener\"><span style=\"font-size: inherit; text-align: inherit; letter-spacing: -0.015em;\">Standards of Ethics<\/span><\/a><\/p><\/div>\n\t\t\t\t<\/div>\n\t\t\t\t<\/div>\n\t\t\t\t\t\t<\/div>\n\t\t\t\t\t<\/div>\n\t\t<\/div>\n\t\t\t\t\t\t\t\t<\/div>\n\t\t\t\t\t<\/div>\n\t\t<\/section>\n\t\t\t\t\t\t<\/div>\n\t\t\t\t\t\t<\/div>\n\t\t\t\t\t<\/div>","protected":false},"excerpt":{"rendered":"<p>Wydawnictwo Instytutu Studi\u00f3w Podatkowych &#8211; istnieje od 1996 r. Standardy etyczne Etyka publikacyjna\u00a0Wydawnictwa Instytutu Studi\u00f3w \u00a0Podatkowych Wydawnictwo ISP stosuje zasady etyki publikacyjnej maj\u0105ce na celu przeciwdzia\u0142anie nieuczciwym praktykom publikacyjnym, w szczeg\u00f3lno\u015bci zgodne z wytycznymi Komitetu do spraw Etyki Publikacyjnej COPE \u2013 Committee on Publication Ethics. 1.\u00a0O przyj\u0119ciu propozycji wydawniczej do planu decyduje Rada Wydawnicza, bior\u0105c [&hellip;]<\/p>","protected":false},"author":1,"featured_media":0,"parent":0,"menu_order":0,"comment_status":"closed","ping_status":"closed","template":"elementor_header_footer","meta":{"footnotes":""},"class_list":["post-88","page","type-page","status-publish","hentry"],"_links":{"self":[{"href":"https:\/\/wydawnictwo-isp.pl\/en\/wp-json\/wp\/v2\/pages\/88","targetHints":{"allow":["GET"]}}],"collection":[{"href":"https:\/\/wydawnictwo-isp.pl\/en\/wp-json\/wp\/v2\/pages"}],"about":[{"href":"https:\/\/wydawnictwo-isp.pl\/en\/wp-json\/wp\/v2\/types\/page"}],"author":[{"embeddable":true,"href":"https:\/\/wydawnictwo-isp.pl\/en\/wp-json\/wp\/v2\/users\/1"}],"replies":[{"embeddable":true,"href":"https:\/\/wydawnictwo-isp.pl\/en\/wp-json\/wp\/v2\/comments?post=88"}],"version-history":[{"count":40,"href":"https:\/\/wydawnictwo-isp.pl\/en\/wp-json\/wp\/v2\/pages\/88\/revisions"}],"predecessor-version":[{"id":757,"href":"https:\/\/wydawnictwo-isp.pl\/en\/wp-json\/wp\/v2\/pages\/88\/revisions\/757"}],"wp:attachment":[{"href":"https:\/\/wydawnictwo-isp.pl\/en\/wp-json\/wp\/v2\/media?parent=88"}],"curies":[{"name":"wp","href":"https:\/\/api.w.org\/{rel}","templated":true}]}}