{"id":90,"date":"2020-09-19T17:01:48","date_gmt":"2020-09-19T15:01:48","guid":{"rendered":"http:\/\/socialdreamsprezentacja.pl\/?page_id=90"},"modified":"2020-10-28T13:36:16","modified_gmt":"2020-10-28T12:36:16","slug":"antyplagiat-i-digitalizacja","status":"publish","type":"page","link":"https:\/\/wydawnictwo-isp.pl\/en\/antyplagiat-i-digitalizacja\/","title":{"rendered":"Counteracting plagiarism and digitalisation"},"content":{"rendered":"<div data-elementor-type=\"wp-page\" data-elementor-id=\"90\" class=\"elementor elementor-90\" data-elementor-settings=\"[]\">\n\t\t\t\t\t\t<div class=\"elementor-inner\">\n\t\t\t\t\t\t\t<div class=\"elementor-section-wrap\">\n\t\t\t\t\t\t\t<section class=\"elementor-section elementor-top-section elementor-element elementor-element-4151ad0 elementor-section-full_width elementor-section-height-default elementor-section-height-default\" data-id=\"4151ad0\" data-element_type=\"section\">\n\t\t\t\t\t\t<div class=\"elementor-container elementor-column-gap-no\">\n\t\t\t\t\t\t\t<div class=\"elementor-row\">\n\t\t\t\t\t<div class=\"elementor-column elementor-col-100 elementor-top-column elementor-element elementor-element-f0c51c4\" data-id=\"f0c51c4\" data-element_type=\"column\">\n\t\t\t<div class=\"elementor-column-wrap elementor-element-populated\">\n\t\t\t\t\t\t\t<div class=\"elementor-widget-wrap\">\n\t\t\t\t\t\t<div class=\"elementor-element elementor-element-e6ac04a elementor-view-default elementor-position-top elementor-vertical-align-top elementor-widget elementor-widget-icon-box\" data-id=\"e6ac04a\" data-element_type=\"widget\" data-widget_type=\"icon-box.default\">\n\t\t\t\t<div class=\"elementor-widget-container\">\n\t\t\t\t\t<div class=\"elementor-icon-box-wrapper\">\n\t\t\t\t\t\t<div class=\"elementor-icon-box-icon\">\n\t\t\t\t<span class=\"elementor-icon elementor-animation-\" >\n\t\t\t\t<i aria-hidden=\"true\" class=\"fas fa-book-open\"><\/i>\t\t\t\t<\/span>\n\t\t\t<\/div>\n\t\t\t\t\t\t<div class=\"elementor-icon-box-content\">\n\t\t\t\t<h3 class=\"elementor-icon-box-title\">\n\t\t\t\t\t<span >The Instytut Studi\u00f3w Podatkowych Publishing House<\/span>\n\t\t\t\t<\/h3>\n\t\t\t\t\t\t\t\t<p class=\"elementor-icon-box-description\">- since 1996<\/p>\n\t\t\t\t\t\t\t<\/div>\n\t\t<\/div>\n\t\t\t\t<\/div>\n\t\t\t\t<\/div>\n\t\t\t\t\t\t<\/div>\n\t\t\t\t\t<\/div>\n\t\t<\/div>\n\t\t\t\t\t\t\t\t<\/div>\n\t\t\t\t\t<\/div>\n\t\t<\/section>\n\t\t\t\t<section class=\"elementor-section elementor-top-section elementor-element elementor-element-209060f elementor-section-boxed elementor-section-height-default elementor-section-height-default\" data-id=\"209060f\" data-element_type=\"section\" data-settings=\"{&quot;background_background&quot;:&quot;classic&quot;}\">\n\t\t\t\t\t\t<div class=\"elementor-container elementor-column-gap-no\">\n\t\t\t\t\t\t\t<div class=\"elementor-row\">\n\t\t\t\t\t<div class=\"elementor-column elementor-col-100 elementor-top-column elementor-element elementor-element-3a0941b\" data-id=\"3a0941b\" data-element_type=\"column\">\n\t\t\t<div class=\"elementor-column-wrap elementor-element-populated\">\n\t\t\t\t\t\t\t<div class=\"elementor-widget-wrap\">\n\t\t\t\t\t\t<section class=\"elementor-section elementor-inner-section elementor-element elementor-element-4e0b847 elementor-hidden-tablet elementor-hidden-phone elementor-section-boxed elementor-section-height-default elementor-section-height-default\" data-id=\"4e0b847\" data-element_type=\"section\">\n\t\t\t\t\t\t<div class=\"elementor-container elementor-column-gap-default\">\n\t\t\t\t\t\t\t<div class=\"elementor-row\">\n\t\t\t\t\t<div class=\"elementor-column elementor-col-100 elementor-inner-column elementor-element elementor-element-b21b776\" data-id=\"b21b776\" data-element_type=\"column\">\n\t\t\t<div class=\"elementor-column-wrap elementor-element-populated\">\n\t\t\t\t\t\t\t<div class=\"elementor-widget-wrap\">\n\t\t\t\t\t\t<div class=\"elementor-element elementor-element-0d0888d elementor-hidden-tablet elementor-hidden-phone elementor-widget-divider--view-line elementor-widget elementor-widget-divider\" data-id=\"0d0888d\" data-element_type=\"widget\" data-widget_type=\"divider.default\">\n\t\t\t\t<div class=\"elementor-widget-container\">\n\t\t\t\t\t<div class=\"elementor-divider\">\n\t\t\t<span class=\"elementor-divider-separator\">\n\t\t\t\t\t\t<\/span>\n\t\t<\/div>\n\t\t\t\t<\/div>\n\t\t\t\t<\/div>\n\t\t\t\t<div class=\"elementor-element elementor-element-39c55fb elementor-widget elementor-widget-text-editor\" data-id=\"39c55fb\" data-element_type=\"widget\" data-widget_type=\"text-editor.default\">\n\t\t\t\t<div class=\"elementor-widget-container\">\n\t\t\t\t\t<div class=\"elementor-text-editor elementor-clearfix\"><p><img loading=\"lazy\" decoding=\"async\" class=\"size-full wp-image-206 alignleft\" style=\"box-shadow: -5px 5px 5px rgba(0, 0, 0, 0.5);\" src=\"http:\/\/wydawnictwo-isp.pl\/wp-content\/uploads\/2020\/09\/slide1.jpg\" width=\"500\" height=\"293\" \/><\/p><h4 style=\"color: #223555;\">Counteracting plagiarism. Digitalisation<\/h4><p><span style=\"font-weight: 400;\">The books and journals published by the ISP Publishing House are permanently present in international scientific circulation. Our mission is to disseminate Polish scholarly research achievements, particularly in the field of tax law, and to share with law scholars and practitioners high-quality scientific and didactic content, observing the highest content-related and editorial standards of our publications. One of our priorities is to publish electronic versions of books and periodicals, distribute our publications through sales networks, and ensure their presence in the world\u2019s most important scientific databases.<\/span><\/p><p><br \/><br \/><br \/><\/p><\/div>\n\t\t\t\t<\/div>\n\t\t\t\t<\/div>\n\t\t\t\t\t\t<\/div>\n\t\t\t\t\t<\/div>\n\t\t<\/div>\n\t\t\t\t\t\t\t\t<\/div>\n\t\t\t\t\t<\/div>\n\t\t<\/section>\n\t\t\t\t<section class=\"elementor-section elementor-inner-section elementor-element elementor-element-9cefea7 elementor-hidden-desktop elementor-section-boxed elementor-section-height-default elementor-section-height-default\" data-id=\"9cefea7\" data-element_type=\"section\">\n\t\t\t\t\t\t<div class=\"elementor-container elementor-column-gap-default\">\n\t\t\t\t\t\t\t<div class=\"elementor-row\">\n\t\t\t\t\t<div class=\"elementor-column elementor-col-100 elementor-inner-column elementor-element elementor-element-45e005b\" data-id=\"45e005b\" data-element_type=\"column\">\n\t\t\t<div class=\"elementor-column-wrap elementor-element-populated\">\n\t\t\t\t\t\t\t<div class=\"elementor-widget-wrap\">\n\t\t\t\t\t\t<div class=\"elementor-element elementor-element-9bb7f37 elementor-hidden-tablet elementor-hidden-phone elementor-widget-divider--view-line elementor-widget elementor-widget-divider\" data-id=\"9bb7f37\" data-element_type=\"widget\" data-widget_type=\"divider.default\">\n\t\t\t\t<div class=\"elementor-widget-container\">\n\t\t\t\t\t<div class=\"elementor-divider\">\n\t\t\t<span class=\"elementor-divider-separator\">\n\t\t\t\t\t\t<\/span>\n\t\t<\/div>\n\t\t\t\t<\/div>\n\t\t\t\t<\/div>\n\t\t\t\t<div class=\"elementor-element elementor-element-3317ff3 elementor-widget elementor-widget-text-editor\" data-id=\"3317ff3\" data-element_type=\"widget\" data-widget_type=\"text-editor.default\">\n\t\t\t\t<div class=\"elementor-widget-container\">\n\t\t\t\t\t<div class=\"elementor-text-editor elementor-clearfix\"><p><img loading=\"lazy\" decoding=\"async\" class=\"size-full wp-image-206 aligncenter\" style=\"box-shadow: -5px 5px 5px rgba(0, 0, 0, 0.5);\" src=\"http:\/\/wydawnictwo-isp.pl\/wp-content\/uploads\/2020\/09\/slide1.jpg\" width=\"500\" height=\"293\" \/><\/p><h4 style=\"color: #223555;\">Counteracting plagiarism. Digitalisation<\/h4><p><span style=\"font-weight: 400;\">The books and journals published by the ISP Publishing House are permanently present in international scientific circulation. Our mission is to disseminate Polish scholarly research achievements, particularly in the field of tax law, and to share with law scholars and practitioners high-quality scientific and didactic content, observing the highest content-related and editorial standards of our publications. One of our priorities is to publish electronic versions of books and periodicals, distribute our publications through sales networks, and ensure their presence in the world\u2019s most important scientific databases.<\/span><\/p><p>\u00a0<\/p><\/div>\n\t\t\t\t<\/div>\n\t\t\t\t<\/div>\n\t\t\t\t\t\t<\/div>\n\t\t\t\t\t<\/div>\n\t\t<\/div>\n\t\t\t\t\t\t\t\t<\/div>\n\t\t\t\t\t<\/div>\n\t\t<\/section>\n\t\t\t\t<section class=\"elementor-section elementor-inner-section elementor-element elementor-element-504e34a elementor-hidden-tablet elementor-hidden-phone elementor-section-boxed elementor-section-height-default elementor-section-height-default\" data-id=\"504e34a\" data-element_type=\"section\">\n\t\t\t\t\t\t<div class=\"elementor-container elementor-column-gap-default\">\n\t\t\t\t\t\t\t<div class=\"elementor-row\">\n\t\t\t\t\t<div class=\"elementor-column elementor-col-100 elementor-inner-column elementor-element elementor-element-33161b0\" data-id=\"33161b0\" data-element_type=\"column\">\n\t\t\t<div class=\"elementor-column-wrap elementor-element-populated\">\n\t\t\t\t\t\t\t<div class=\"elementor-widget-wrap\">\n\t\t\t\t\t\t<div class=\"elementor-element elementor-element-9531a4d elementor-widget-divider--view-line elementor-widget elementor-widget-divider\" data-id=\"9531a4d\" data-element_type=\"widget\" data-widget_type=\"divider.default\">\n\t\t\t\t<div class=\"elementor-widget-container\">\n\t\t\t\t\t<div class=\"elementor-divider\">\n\t\t\t<span class=\"elementor-divider-separator\">\n\t\t\t\t\t\t<\/span>\n\t\t<\/div>\n\t\t\t\t<\/div>\n\t\t\t\t<\/div>\n\t\t\t\t<div class=\"elementor-element elementor-element-766279e elementor-widget elementor-widget-text-editor\" data-id=\"766279e\" data-element_type=\"widget\" data-widget_type=\"text-editor.default\">\n\t\t\t\t<div class=\"elementor-widget-container\">\n\t\t\t\t\t<div class=\"elementor-text-editor elementor-clearfix\"><img loading=\"lazy\" decoding=\"async\" class=\"size-full wp-image-206 alignright\" style=\"box-shadow: 5px 5px 5px rgba(0, 0, 0, 0.5);\" src=\"http:\/\/wydawnictwo-isp.pl\/wp-content\/uploads\/2020\/09\/slide2.jpg\" width=\"550\" height=\"293\" \/>\n<h4 style=\"color: #223555;\">Digitalisation<\/h4>\n<span style=\"font-weight: 400;\">In order to internationally disseminate the scholarly monographs published by the ISP Publishing House, the Publisher makes them available in electronic form on its website and on industry portals.<\/span><span style=\"font-weight: 400;\"> Our cooperation with the C.H. Beck Publishing House, our books, particularly the commentaries to aspects of the tax law, are available through the Legal Information System <\/span><a href=\"http:\/\/legalis.pl\/\"><span style=\"font-weight: 400;\">Legalis<\/span><\/a><span style=\"font-weight: 400;\">Selected scholarly publications are available on the <\/span><i><span style=\"font-weight: 400;\">Open Science Framework<\/span><\/i><span style=\"font-weight: 400;\">. <\/span>The Publisher runs its own Web bookstore, at <a href=\"https:\/\/isp-modzelewski.pl\/sklep\/\"><span style=\"font-weight: 400;\">https:\/\/isp-modzelewski.pl\/sklep\/<\/span><\/a><span style=\"font-weight: 400;\">\u00a0, receiving orders on a 7\/24 basis for all the books and journals published by us. This makes our texts visible in international reference bases and their indexation in <\/span><i><span style=\"font-weight: 400;\">Google Scholar. <\/span><\/i><span style=\"font-weight: 400;\">Cooperation with the major Polish distributors ensures availability of our hardcopy and soft-format publications at most bookstores across Poland. We constantly extend our sales network through contacts with local book traders. <\/span><\/div>\n\t\t\t\t<\/div>\n\t\t\t\t<\/div>\n\t\t\t\t\t\t<\/div>\n\t\t\t\t\t<\/div>\n\t\t<\/div>\n\t\t\t\t\t\t\t\t<\/div>\n\t\t\t\t\t<\/div>\n\t\t<\/section>\n\t\t\t\t<section class=\"elementor-section elementor-inner-section elementor-element elementor-element-79d4667 elementor-hidden-desktop elementor-section-boxed elementor-section-height-default elementor-section-height-default\" data-id=\"79d4667\" data-element_type=\"section\">\n\t\t\t\t\t\t<div class=\"elementor-container elementor-column-gap-default\">\n\t\t\t\t\t\t\t<div class=\"elementor-row\">\n\t\t\t\t\t<div class=\"elementor-column elementor-col-100 elementor-inner-column elementor-element elementor-element-18e45dd\" data-id=\"18e45dd\" data-element_type=\"column\">\n\t\t\t<div class=\"elementor-column-wrap elementor-element-populated\">\n\t\t\t\t\t\t\t<div class=\"elementor-widget-wrap\">\n\t\t\t\t\t\t<div class=\"elementor-element elementor-element-c00872a elementor-hidden-tablet elementor-hidden-phone elementor-widget-divider--view-line elementor-widget elementor-widget-divider\" data-id=\"c00872a\" data-element_type=\"widget\" data-widget_type=\"divider.default\">\n\t\t\t\t<div class=\"elementor-widget-container\">\n\t\t\t\t\t<div class=\"elementor-divider\">\n\t\t\t<span class=\"elementor-divider-separator\">\n\t\t\t\t\t\t<\/span>\n\t\t<\/div>\n\t\t\t\t<\/div>\n\t\t\t\t<\/div>\n\t\t\t\t<div class=\"elementor-element elementor-element-bd5ca92 elementor-widget elementor-widget-text-editor\" data-id=\"bd5ca92\" data-element_type=\"widget\" data-widget_type=\"text-editor.default\">\n\t\t\t\t<div class=\"elementor-widget-container\">\n\t\t\t\t\t<div class=\"elementor-text-editor elementor-clearfix\"><p><img loading=\"lazy\" decoding=\"async\" class=\"size-full wp-image-206 aligncenter\" style=\"box-shadow: 5px 5px 5px rgba(0, 0, 0, 0.5);\" src=\"http:\/\/wydawnictwo-isp.pl\/wp-content\/uploads\/2020\/09\/slide2.jpg\" width=\"550\" height=\"293\" \/><\/p><h4 style=\"color: #223555;\">Digitalisation<\/h4><p><span style=\"font-weight: 400;\">In order to internationally disseminate the scholarly monographs published by the ISP Publishing House, the Publisher makes them available in electronic form on its website and on industry portals.<\/span><span style=\"font-weight: 400;\"> Our cooperation with the C.H. Beck Publishing House, our books, particularly the commentaries to aspects of the tax law, are available through the Legal Information System <\/span><a href=\"http:\/\/legalis.pl\/\"><span style=\"font-weight: 400;\">Legalis<\/span><\/a><span style=\"font-weight: 400;\">Selected scholarly publications are available on the <\/span><i><span style=\"font-weight: 400;\">Open Science Framework<\/span><\/i><span style=\"font-weight: 400;\">. <\/span>The Publisher runs its own Web bookstore, at <a href=\"https:\/\/isp-modzelewski.pl\/sklep\/\"><span style=\"font-weight: 400;\">https:\/\/isp-modzelewski.pl\/sklep\/<\/span><\/a><span style=\"font-weight: 400;\">\u00a0, receiving orders on a 7\/24 basis for all the books and journals published by us. This makes our texts visible in international reference bases and their indexation in <\/span><i><span style=\"font-weight: 400;\">Google Scholar. <\/span><\/i><span style=\"font-weight: 400;\">Cooperation with the major Polish distributors ensures availability of our hardcopy and soft-format publications at most bookstores across Poland. We constantly extend our sales network through contacts with local book traders. <\/span><\/p><\/div>\n\t\t\t\t<\/div>\n\t\t\t\t<\/div>\n\t\t\t\t\t\t<\/div>\n\t\t\t\t\t<\/div>\n\t\t<\/div>\n\t\t\t\t\t\t\t\t<\/div>\n\t\t\t\t\t<\/div>\n\t\t<\/section>\n\t\t\t\t<div class=\"elementor-element elementor-element-b6e13fe elementor-widget elementor-widget-spacer\" data-id=\"b6e13fe\" data-element_type=\"widget\" data-widget_type=\"spacer.default\">\n\t\t\t\t<div class=\"elementor-widget-container\">\n\t\t\t\t\t<div class=\"elementor-spacer\">\n\t\t\t<div class=\"elementor-spacer-inner\"><\/div>\n\t\t<\/div>\n\t\t\t\t<\/div>\n\t\t\t\t<\/div>\n\t\t\t\t\t\t<\/div>\n\t\t\t\t\t<\/div>\n\t\t<\/div>\n\t\t\t\t\t\t\t\t<\/div>\n\t\t\t\t\t<\/div>\n\t\t<\/section>\n\t\t\t\t<section class=\"elementor-section elementor-top-section elementor-element elementor-element-baa119c elementor-section-boxed elementor-section-height-default elementor-section-height-default\" data-id=\"baa119c\" data-element_type=\"section\">\n\t\t\t\t\t\t<div class=\"elementor-container elementor-column-gap-default\">\n\t\t\t\t\t\t\t<div class=\"elementor-row\">\n\t\t\t\t\t<div class=\"elementor-column elementor-col-50 elementor-top-column elementor-element elementor-element-a9936e9\" data-id=\"a9936e9\" data-element_type=\"column\">\n\t\t\t<div class=\"elementor-column-wrap elementor-element-populated\">\n\t\t\t\t\t\t\t<div class=\"elementor-widget-wrap\">\n\t\t\t\t\t\t<div class=\"elementor-element elementor-element-ffea304 elementor-view-default elementor-widget elementor-widget-icon\" data-id=\"ffea304\" data-element_type=\"widget\" data-widget_type=\"icon.default\">\n\t\t\t\t<div class=\"elementor-widget-container\">\n\t\t\t\t\t<div class=\"elementor-icon-wrapper\">\n\t\t\t<div class=\"elementor-icon\">\n\t\t\t<i aria-hidden=\"true\" class=\"fas fa-check-circle\"><\/i>\t\t\t<\/div>\n\t\t<\/div>\n\t\t\t\t<\/div>\n\t\t\t\t<\/div>\n\t\t\t\t<div class=\"elementor-element elementor-element-ef31fe3 elementor-widget elementor-widget-heading\" data-id=\"ef31fe3\" data-element_type=\"widget\" data-widget_type=\"heading.default\">\n\t\t\t\t<div class=\"elementor-widget-container\">\n\t\t\t<h4 class=\"elementor-heading-title elementor-size-default\">Promotion<\/h4>\t\t<\/div>\n\t\t\t\t<\/div>\n\t\t\t\t<div class=\"elementor-element elementor-element-3abcf4f elementor-widget elementor-widget-text-editor\" data-id=\"3abcf4f\" data-element_type=\"widget\" data-widget_type=\"text-editor.default\">\n\t\t\t\t<div class=\"elementor-widget-container\">\n\t\t\t\t\t<div class=\"elementor-text-editor elementor-clearfix\"><p><span style=\"font-weight: 400;\">The publications issued by ISP receive professional promotion, including presentations at fairs, conferences, scientific and industry seminars, proactive promotion through ISP\u2019s social channels, distributing review copies, advertising in the media, organisation of meet-the-author sessions.<\/span><\/p><\/div>\n\t\t\t\t<\/div>\n\t\t\t\t<\/div>\n\t\t\t\t\t\t<\/div>\n\t\t\t\t\t<\/div>\n\t\t<\/div>\n\t\t\t\t<div class=\"elementor-column elementor-col-50 elementor-top-column elementor-element elementor-element-ccb66c8\" data-id=\"ccb66c8\" data-element_type=\"column\">\n\t\t\t<div class=\"elementor-column-wrap elementor-element-populated\">\n\t\t\t\t\t\t\t<div class=\"elementor-widget-wrap\">\n\t\t\t\t\t\t<div class=\"elementor-element elementor-element-69ea240 elementor-view-default elementor-widget elementor-widget-icon\" data-id=\"69ea240\" data-element_type=\"widget\" data-widget_type=\"icon.default\">\n\t\t\t\t<div class=\"elementor-widget-container\">\n\t\t\t\t\t<div class=\"elementor-icon-wrapper\">\n\t\t\t<div class=\"elementor-icon\">\n\t\t\t<i aria-hidden=\"true\" class=\"fas fa-ban\"><\/i>\t\t\t<\/div>\n\t\t<\/div>\n\t\t\t\t<\/div>\n\t\t\t\t<\/div>\n\t\t\t\t<div class=\"elementor-element elementor-element-6acd178 elementor-widget elementor-widget-heading\" data-id=\"6acd178\" data-element_type=\"widget\" data-widget_type=\"heading.default\">\n\t\t\t\t<div class=\"elementor-widget-container\">\n\t\t\t<h4 class=\"elementor-heading-title elementor-size-default\">Counteracting plagiarism<\/h4>\t\t<\/div>\n\t\t\t\t<\/div>\n\t\t\t\t<div class=\"elementor-element elementor-element-4c94822 elementor-widget elementor-widget-text-editor\" data-id=\"4c94822\" data-element_type=\"widget\" data-widget_type=\"text-editor.default\">\n\t\t\t\t<div class=\"elementor-widget-container\">\n\t\t\t\t\t<div class=\"elementor-text-editor elementor-clearfix\"><p><span style=\"font-weight: 400;\">In order to efficiently observe high ethical standards, the ISP Publishing House applies a plagiarism counteracting system (plagiat.pl). In case that any irregularity is detected, the procedures in place ensure that the parties involved are notified. For more on the ethical standards applied by the Publisher, do not hesitate to visit the tab <\/span><a href=\"https:\/\/wydawnictwo-isp.pl\/en\/standardy-etyczne\/\"><span style=\"font-weight: 400;\">Standards of Ethics<\/span><\/a><span style=\"font-weight: 400;\">. <\/span><\/p><\/div>\n\t\t\t\t<\/div>\n\t\t\t\t<\/div>\n\t\t\t\t\t\t<\/div>\n\t\t\t\t\t<\/div>\n\t\t<\/div>\n\t\t\t\t\t\t\t\t<\/div>\n\t\t\t\t\t<\/div>\n\t\t<\/section>\n\t\t\t\t\t\t<\/div>\n\t\t\t\t\t\t<\/div>\n\t\t\t\t\t<\/div>","protected":false},"excerpt":{"rendered":"<p>Wydawnictwo Instytutu Studi\u00f3w Podatkowych &#8211; istnieje od 1996 r. Antyplagiat i Digitalizacja Ksi\u0105\u017cki i czasopisma Wydawnictwa Instytutu Studi\u00f3w Podatkowych s\u0105 stale obecne w \u015bwiatowym obiegu naukowym. Nasz\u0105 misj\u0105 jest rozpowszechnianie polskich osi\u0105gni\u0119\u0107 naukowych w tym zw\u0142aszcza w zakresie\u00a0 prawa podatkowego, a tak\u017ce udost\u0119pnianie naukowcom i praktykom prawa wysokiej jako\u015bci tre\u015bci naukowych i dydaktycznych, z zachowaniem [&hellip;]<\/p>","protected":false},"author":1,"featured_media":0,"parent":0,"menu_order":0,"comment_status":"closed","ping_status":"closed","template":"elementor_header_footer","meta":{"footnotes":""},"class_list":["post-90","page","type-page","status-publish","hentry"],"_links":{"self":[{"href":"https:\/\/wydawnictwo-isp.pl\/en\/wp-json\/wp\/v2\/pages\/90","targetHints":{"allow":["GET"]}}],"collection":[{"href":"https:\/\/wydawnictwo-isp.pl\/en\/wp-json\/wp\/v2\/pages"}],"about":[{"href":"https:\/\/wydawnictwo-isp.pl\/en\/wp-json\/wp\/v2\/types\/page"}],"author":[{"embeddable":true,"href":"https:\/\/wydawnictwo-isp.pl\/en\/wp-json\/wp\/v2\/users\/1"}],"replies":[{"embeddable":true,"href":"https:\/\/wydawnictwo-isp.pl\/en\/wp-json\/wp\/v2\/comments?post=90"}],"version-history":[{"count":16,"href":"https:\/\/wydawnictwo-isp.pl\/en\/wp-json\/wp\/v2\/pages\/90\/revisions"}],"predecessor-version":[{"id":734,"href":"https:\/\/wydawnictwo-isp.pl\/en\/wp-json\/wp\/v2\/pages\/90\/revisions\/734"}],"wp:attachment":[{"href":"https:\/\/wydawnictwo-isp.pl\/en\/wp-json\/wp\/v2\/media?parent=90"}],"curies":[{"name":"wp","href":"https:\/\/api.w.org\/{rel}","templated":true}]}}